{"id":10350,"date":"2021-09-28T18:23:19","date_gmt":"2021-09-28T16:23:19","guid":{"rendered":"https:\/\/schmack-biogas.d-f.cc\/?page_id=10350"},"modified":"2022-01-20T17:08:18","modified_gmt":"2022-01-20T16:08:18","slug":"repowering","status":"publish","type":"page","link":"https:\/\/www.schmack-biogas.com\/de\/repowering\/","title":{"rendered":"Repowering"},"content":{"rendered":"<div class=\"wpb-content-wrapper\"><p>[vc_row content_width=&#8220;grid&#8220; anchor=&#8220;optimierung&#8220;][vc_column][vc_empty_space][vc_column_text]<\/p>\n<h2 style=\"text-align: left;\">Machen Sie Ihre Biogasanlage fit!<\/h2>\n<p>[\/vc_column_text][vc_empty_space][\/vc_column][\/vc_row][vc_row content_width=&#8220;grid&#8220;][vc_column][vc_column_text]Biogasanlagen unterliegen dem Verschlei\u00df und sind, wie alle Anlagen zur Energieerzeugung, auf eine bestimmte Lebensdauer ausgelegt. Um \u00e4ltere Anlagen weiterhin wirtschaftlich zu betreiben, ist eine proaktive Planung von Modernisierungen und Optimierungen unerl\u00e4sslich.\u00a0Hinzukommen sich st\u00e4ndig \u00e4ndernde gesetzliche Rahmenbedingungen, die neue M\u00f6glichkeiten des Weiterbetriebes er\u00f6ffnen. Oft gen\u00fcgen schon kleinere Umbauma\u00dfnahmen oder Eingriffe im biologischen, technischen und organisatorischen Bereich, um den Gesamtwirkungsgrad zu erh\u00f6hen.<\/p>\n<p><strong>Profitieren Sie von diesen Vorteilen:<\/strong><\/p>\n<ul>\n<li>Beratung zu neuen wirtschaftlichen M\u00f6glichkeiten aufgrund ge\u00e4nderter gesetzlicher Rahmenbedingungen<\/li>\n<li>Individuell auf Ihre Anlage abgestimmtes, leistungs- und ertragsoptimierendes Modernisierungskonzept<\/li>\n<li>Erf\u00fcllung aller betriebssicherheitstechnischen Bestimmungen<\/li>\n<li>Verl\u00e4ngerung des Lebenszyklus Ihrer Anlage<\/li>\n<li>Gewinn steigern durch verbesserten Wirkungsgrad<\/li>\n<\/ul>\n<p>[\/vc_column_text][\/vc_column][\/vc_row][vc_row content_width=&#8220;grid&#8220; anchor=&#8220;engineering&#8220;][vc_column][vc_empty_space height=&#8220;52px&#8220;][vc_column_text]<\/p>\n<h3>Engineering<\/h3>\n<p>[\/vc_column_text][vc_empty_space height=&#8220;22px&#8220;][vc_column_text]<strong>Es gibt viele M\u00f6glichkeiten und nicht jede Anlage ist gleich. Wir entwickelt gemeinsam mit Ihnen ein individuelles Optimierungskonzept f\u00fcr Ihre Anlage. F\u00fcr eine aussagekr\u00e4ftige Kosten-Nutzen-Analyse werden die ungenutzten Potenziale der Biogasanlage festgestellt und hierzu umfassende L\u00f6sungen erarbeitet. Bei der \u00dcberpr\u00fcfung Ihrer Prozesse greifen wir auf eine \u00fcber 20-j\u00e4hrige Expertise zur\u00fcck.<br \/>\n<\/strong>[\/vc_column_text][vc_empty_space height=&#8220;22px&#8220;][vc_row_inner][vc_column_inner width=&#8220;1\/2&#8243;][vc_column_text]<strong>Erweiterung &amp; Umbau<\/strong><\/p>\n<p>Durch gesetzlichen Vorgaben wie z.B. die D\u00fcngeverordnung sind oftmals umfassende technische Umr\u00fcstungen zwingend erforderlich. Neben dem Neubau eines G\u00e4rrestlagers oder dem Austausch des Gasspeichers spielt der Ersatz alter Komponenten durch neue leistungsst\u00e4rkere und energieeffizientere eine immer gr\u00f6\u00dfere Rolle.<\/p>\n<p>Zusammen finden wir f\u00fcr Ihre Anlage das Richtige. Selbstverst\u00e4ndlich \u00fcbernehmen wir Lieferung, Bau und Installation sowie die komplette Integration inklusive Inbetriebnahme.[\/vc_column_text][\/vc_column_inner][vc_column_inner width=&#8220;1\/2&#8243;][vc_single_image image=&#8220;10351&#8243; img_size=&#8220;full&#8220;][\/vc_column_inner][\/vc_row_inner][vc_empty_space height=&#8220;22px&#8220;][vc_row_inner][vc_column_inner width=&#8220;1\/2&#8243;][vc_column_text]<strong>Planung &amp; Genehmigung<\/strong><\/p>\n<p>Wir begleiten und unterst\u00fctzen Ihren Umbau ab dem ersten Beratungsgespr\u00e4ch. Dazu geh\u00f6ren die\u00a0Planung, das Einholen der Genehmigungen sowie die komplette Baubetreuung. Daf\u00fcr\u00a0stellen wir Ihnen die ben\u00f6tigten Unterlagen zusammen und er\u00f6rtern Genehmigungsfragen und Auflagen mit den jeweils zust\u00e4ndigen Beh\u00f6rden.[\/vc_column_text][\/vc_column_inner][vc_column_inner width=&#8220;1\/2&#8243;][vc_single_image image=&#8220;10352&#8243; img_size=&#8220;full&#8220;][\/vc_column_inner][\/vc_row_inner][vc_empty_space height=&#8220;22px&#8220;][vc_row_inner][vc_column_inner width=&#8220;1\/2&#8243;][vc_column_text]<strong>Unsere Leistungen im Detail:<\/strong><\/p>\n<ul>\n<li>Vollst\u00e4ndige Genehmigungsplanung (nach Baurecht oder BImschG)<\/li>\n<li>Abstimmung mit allen relevanten Beh\u00f6rden und Sachverst\u00e4ndigen<\/li>\n<li>Erstellung erforderlicher Unterlagen wie z.B. Feuerwehrpl\u00e4ne, Havariekonzepte usw.<\/li>\n<li>Schwachstellen-Analyse<\/li>\n<li>Ermittlung der verfahrensrelevanten Kennzahlen<\/li>\n<li>Erarbeitung eines Optimierungskonzeptes bis hin zur Detailplanung<\/li>\n<\/ul>\n<p><strong>Profitieren Sie von diesen Vorteilen:<\/strong><\/p>\n<ul>\n<li>Ein Ansprechpartner und alles aus einer Hand!<\/li>\n<li>Beratung zu neuen wirtschaftlichen M\u00f6glichkeiten aufgrund ge\u00e4nderter gesetzlicher\u00a0Rahmenbedingungen<\/li>\n<li>Individuell auf Ihre Anlage abgestimmtes, leistungs- und ertragsoptimierendes Planungskonzept<\/li>\n<li>Erf\u00fcllung aller betriebssicherheitstechnischen Bestimmungen<\/li>\n<li>Ber\u00fccksichtigung modernster Standards und optimaler Prozesstechnik bei der Planung<\/li>\n<\/ul>\n<p>[\/vc_column_text][\/vc_column_inner][vc_column_inner width=&#8220;1\/2&#8243;][vc_single_image image=&#8220;5923&#8243; img_size=&#8220;full&#8220;][\/vc_column_inner][\/vc_row_inner][vc_empty_space height=&#8220;22px&#8220;]<div class=\"qodef-separator-holder clearfix  qodef-separator-center qodef-separator-full-width\">\n\t<div class=\"qodef-separator\" style=\"border-color: #0e7f80;border-style: solid\"><\/div>\n<\/div>\n[\/vc_column][\/vc_row][vc_row content_width=&#8220;grid&#8220; anchor=&#8220;flexibilisierung&#8220;][vc_column][vc_empty_space height=&#8220;52px&#8220;][vc_column_text]<\/p>\n<h3>Flexibilisierung<\/h3>\n<p>[\/vc_column_text][vc_empty_space height=&#8220;22px&#8220;][vc_row_inner][vc_column_inner width=&#8220;1\/2&#8243;][vc_column_text]Soll Ihr BHKW bedarfsgerecht Strom erzeugen, ist eine exakte Flexibilit\u00e4tsbetrachtung notwendig. Flexibel steuerbare Blockheizkraftwerke k\u00f6nnen die schwankende Stromproduktion aus Wind- und PV-Anlagen ausgleichen und ihren Anteil zur Bedienung der Residuallast erbringen. Notwendige Umr\u00fcstungsma\u00dfnahmen planen wir unter Ber\u00fccksichtigung des Ablaufs der EEG-Laufzeit Ende 2026. Mit unseren L\u00f6sungen und Konzepten wird Ihre Anlage \u00fcber die EEG-F\u00f6rderungsdauer hinaus fit f\u00fcr die staatlichen Flex-Pr\u00e4mien. Wir optimieren das W\u00e4rmekonzept der Gesamtanlage, erweitern sie im Bedarfsfall um ein BHKW und einen Gasspeicher und erarbeiten ein flexibles F\u00fctterungs- und Fahrplanmanagement.<\/p>\n<p><strong>Unsere Leistungen im Detail:<\/strong><\/p>\n<ul>\n<li>Konzepte f\u00fcr dem Betrieb der Anlagen im laufenden EEG und f\u00fcr die Zeit nach dem EEG<\/li>\n<li>W\u00e4rmebetrachtung der Gesamtanlage<\/li>\n<li>Flexible F\u00fctterung und Fahrplanmanagement<\/li>\n<li>Zubau von BHKW und Gasspeicher<\/li>\n<\/ul>\n<p>[\/vc_column_text][\/vc_column_inner][vc_column_inner width=&#8220;1\/2&#8243;][vc_single_image image=&#8220;10353&#8243; img_size=&#8220;full&#8220;][\/vc_column_inner][\/vc_row_inner][vc_empty_space height=&#8220;22px&#8220;]<div class=\"qodef-separator-holder clearfix  qodef-separator-center qodef-separator-full-width\">\n\t<div class=\"qodef-separator\" style=\"border-color: #0e7f80;border-style: solid\"><\/div>\n<\/div>\n[\/vc_column][\/vc_row][vc_row content_width=&#8220;grid&#8220; anchor=&#8220;automatisierung&#8220;][vc_column][vc_empty_space height=&#8220;52px&#8220;][vc_column_text]<\/p>\n<h3>Automatisierung von Biogasanlagen<\/h3>\n<p>[\/vc_column_text][vc_empty_space height=&#8220;22px&#8220;][vc_row_inner][vc_column_inner width=&#8220;1\/2&#8243;][vc_column_text]<strong>Fern\u00fcberwachung<\/strong><\/p>\n<p>Kontrolle ist gut, Fern\u00fcberwachung mit EUVIS ist besser. Als Betreiber einer Biogasanlage haben Sie meist Wichtigeres zu tun, als st\u00e4ndig deren Leistungsniveau zu kontrollieren.Daf\u00fcr gibt es das Kontrollzentrum EUVIS von Kanadevia Inova Schmack. Hier \u00fcberwachen unsere Mitarbeiter rund um die Uhr an 365 Tagen Ihre Biogasanlage. Sie kontrollieren alle relevante Kenngr\u00f6\u00dfen und Parameter des Biogasprozesses und vergleichen diese Einzelwerte mit anderen Anlagen unseres Datenpools. So k\u00f6nnen wir Abweichungen im Regelbetrieb fr\u00fchzeitig erkennen \u2013 und schnell auf eventuelle Leistungsschwankungen reagieren.<\/p>\n<p><strong>Unsere Leistungen im Detail:<\/strong><\/p>\n<ul>\n<li>Kontinuierliche \u00dcberwachung: 24 Stunden, an 365 Tagen im Jahr<\/li>\n<li>L\u00fcckenlose Aufzeichnung aller prozessrelevanter Daten wie z. B. Gasqualit\u00e4t, Gasmenge\/-druck sowie Temperatur und F\u00fcllstand<\/li>\n<li>Ansprechpartner rund um die Uhr f\u00fcr Fehleranalysen und Fehlerbehebung<\/li>\n<\/ul>\n<p><strong>Profitieren Sie von diesen Vorteilen:<\/strong><\/p>\n<ul>\n<li>Fr\u00fchzeitiges Erkennen von Prozessst\u00f6rungen<\/li>\n<li>Zuverl\u00e4ssiger, st\u00f6rungsfreier Anlagenbetrieb<\/li>\n<li>Kurze Reaktionszeiten<\/li>\n<li>Hohe Anlagenverf\u00fcgbarkeit<\/li>\n<li>Vermeidung von langen Stillstandzeiten<\/li>\n<\/ul>\n<p><strong>Steuerung\/Schaltschr\u00e4nke<\/strong><\/p>\n<p>Unsere BIOWATCH ist ein integriertes und skalierbares Leitsystem f\u00fcr die Mess-, Steuerungs und Regelungstechnik Ihrer Biogasanlage. Es verf\u00fcgt \u00fcber eine Bedien- und Beobachtungseinheit zur effizienten\u00a0Automatisierung und \u00dcberwachung der Biogasanlage. Die Visualisierungssysteme Visu L oder Visu XL enthalten ein\u00a0Betriebstagebuch, das die automatische Dokumentation gem\u00e4\u00df den Anforderungen\u00a0des Gesetzgebers \u00fcbernimmt.[\/vc_column_text][\/vc_column_inner][vc_column_inner width=&#8220;1\/2&#8243;][vc_single_image image=&#8220;10499&#8243; img_size=&#8220;full&#8220;][\/vc_column_inner][\/vc_row_inner][vc_empty_space height=&#8220;22px&#8220;]<div class=\"qodef-separator-holder clearfix  qodef-separator-center qodef-separator-full-width\">\n\t<div class=\"qodef-separator\" style=\"border-color: #0e7f80;border-style: solid\"><\/div>\n<\/div>\n[\/vc_column][\/vc_row][vc_row content_width=&#8220;grid&#8220; anchor=&#8220;praxisbeispiel&#8220;][vc_column][vc_empty_space height=&#8220;52px&#8220;][vc_column_text]<\/p>\n<h3>Praxisbeispiel<\/h3>\n<p>[\/vc_column_text][vc_empty_space height=&#8220;22px&#8220;][vc_row_inner][vc_column_inner width=&#8220;1\/2&#8243;][vc_column_text]<strong>Ger\u00fcstet f\u00fcr die Zukunft: Optimierungskonzept der Biogasanlage Ivenack<\/strong><\/p>\n<p>Bekannt ist die mecklenburgische Gemeinde Ivenack f\u00fcr ihre tausendj\u00e4hrigen Eichen, die zu den\u00a0\u00e4ltesten Europas geh\u00f6ren. Das Bewusstsein und die Wertsch\u00e4tzung f\u00fcr wertvolle \u00d6kosysteme motivierte die Gemeinde zu der Vision, sich komplett mit selbst\u00a0erzeugter regenerativer Energie zu versorgen. Neben der 140-Kilowatt-Photovoltaik-Anlage\u00a0sollte die daf\u00fcr in 2006 errichtete Biogasanlage das Herzst\u00fcck einer autarken\u00a0Energieversorgung des Dorfes sein.<\/p>\n<p>Seitdem erzeugte die Anlage mit einer installierten Leistung von 626 KWel aus einem Substratmix von Rinderg\u00fclle (30 %), Mais und Getreide (70 %) nicht nur den Strom, sondern auch die W\u00e4rme f\u00fcr das eigens errichtete lokale W\u00e4rmenetz. Eigent\u00fcmer der Anlage ist die BALANCE Erneuerbare Energien GmbH, eine 100-prozentige Tochtergesellschaft der Aktiengesellschaft VNG aus Leipzig.<\/p>\n<p>Bestehend aus einem Fermenter und einem G\u00e4rrestlager lag die Auslastung der Anlage bei guten 90 Prozent und mehr. Dennoch f\u00fchrten die steigenden Substratpreise dazu, dass in den letzten Jahren die Anlage nicht wirtschaftlich betrieben werden konnte.[\/vc_column_text][\/vc_column_inner][vc_column_inner width=&#8220;1\/2&#8243;][vc_single_image image=&#8220;10356&#8243; img_size=&#8220;full&#8220;][\/vc_column_inner][\/vc_row_inner][vc_empty_space height=&#8220;22px&#8220;][vc_row_inner][vc_column_inner width=&#8220;1\/2&#8243;][vc_column_text]<strong>Umfassende Investitionen notwendig \u2013 aber nicht lukrativ<\/strong><\/p>\n<p>Mit den gesetzlichen Anforderungen u.a. der neuen D\u00fcngeverordnung, drohten dem Betrieb der Biogasanlage einschneidende wirtschaftliche Einbu\u00dfen. Um die gesetzlichen Vorgaben zu erf\u00fcllen, w\u00e4re der Neubau eines G\u00e4rrestlagers notwendig geworden. Der Austausch des Beschickers und des Gasspeichers kamen als erforderliche Modernisierungsma\u00dfnahmen erg\u00e4nzend hinzu. Das gro\u00dfe Problem war, dass der so entstehenden Gesamtinvestition von ca. 650.000 Euro keinerlei zus\u00e4tzliche Erl\u00f6se gegen\u00fcberstanden.<\/p>\n<div class=\"richText templateLib parbase section\">\n<div class=\"vi_rich_text\">\n<p><strong>Mit neuem Konzept fit f\u00fcr die Zukunft<\/strong><\/p>\n<p>Mit der Kanadevia Inova Schmack GmbH fanden die Betreiber einen kompetenten Partner, der mit der Erarbeitung und Umsetzung eines L\u00f6sungskonzeptes betraut wurde. Die Kanadevia Inova Schmack-Spezialisten ermittelten Potenziale, entwickelten ein schl\u00fcssiges Optimierungskonzept und ergriffen Ma\u00dfnahmen, um die Anlage zukunftsf\u00e4hig und profitabel zu machen.<\/p>\n<\/div>\n<\/div>\n<div class=\"richText templateLib parbase section\">\n<div class=\"vi_rich_text\">\n<p><strong>Ma\u00dfnahme 1<\/strong><br \/>\nUmstellung der Substrate auf H\u00fchnertrockenkot und Rinderfestmist statt Rinderg\u00fclle.<\/p>\n<p><strong>Ergebnis<\/strong><br \/>\nVerringerung der Substratmenge und damit Verringerung des ben\u00f6tigten Fermentations- und Lagervolumens, so dass der Bau eines teuren G\u00e4rrestlagers hinf\u00e4llig war.<\/p>\n<\/div>\n<\/div>\n<div class=\"richText templateLib parbase section\">\n<div class=\"vi_rich_text\">\n<p>Durch die Verg\u00e4rung des stapelbaren Substratmixes erh\u00e4lt die Anlage, f\u00fcr die das EEG 2004 gilt, nun den Technologiebonus f\u00fcr die Trockenfermentation von 2 Cent\/KWh. Daraus ergibt sich ein Zusatzerl\u00f6s von ca. 100.000 Euro im Jahr.\u00a0Die Verringerung der Substratmenge reduziert zudem das Fermentations- und G\u00e4rrest-Lagervolumen.<\/p>\n<\/div>\n<\/div>\n<div class=\"richText templateLib parbase section\">\n<div class=\"vi_rich_text\">\n<p><strong>Ma\u00dfnahme 2<br \/>\n<\/strong>Umfassende technische Umr\u00fcstungen zur Modernisierung (teils auch wegen TF-Bonus erforderlich), wie Austausch der R\u00fchrwerke, Gasspeicher und Beschicker, sowie die Einbindung der Separation in die Anlagentechnik<\/p>\n<p><strong>Ergebnis<\/strong><br \/>\nSenkung der Betriebskosten auf Grund des deutlich geringeren Energieeigenverbrauchs und der h\u00f6heren Standzeiten der neuen Komponenten.<\/p>\n<\/div>\n<\/div>\n<div class=\"richText templateLib parbase section\">\n<div class=\"vi_rich_text\">\n<p>Die Gesamtkosten f\u00fcr die Umsetzung des Optimierungskonzepts der Kanadevia Inova Schmack beliefen sich auf lediglich ca. 500.000 Euro, welche sich durch die Umr\u00fcstung auf den Technologiebonus binnen nur 5 Jahren amortisieren werden. Somit ist die Anlage gut ger\u00fcstet f\u00fcr einen Weiterbetrieb mindestens bis zum Ablauf der EEG-Laufzeit Ende 2026.<\/p>\n<\/div>\n<\/div>\n<p>[\/vc_column_text][\/vc_column_inner][vc_column_inner width=&#8220;1\/2&#8243;][vc_single_image image=&#8220;10357&#8243; img_size=&#8220;full&#8220;][\/vc_column_inner][\/vc_row_inner][vc_empty_space height=&#8220;22px&#8220;]<div class=\"qodef-separator-holder clearfix  qodef-separator-center qodef-separator-full-width\">\n\t<div class=\"qodef-separator\" style=\"border-color: #0e7f80;border-style: solid\"><\/div>\n<\/div>\n[\/vc_column][\/vc_row][vc_row content_width=&#8220;grid&#8220; anchor=&#8220;end&#8220;][vc_column][vc_empty_space height=&#8220;100px&#8220;][\/vc_column][\/vc_row]<\/p>\n<\/div>","protected":false},"excerpt":{"rendered":"<p>[vc_row content_width=&#8220;grid&#8220; anchor=&#8220;optimierung&#8220;][vc_column][vc_empty_space][vc_column_text] Machen Sie Ihre Biogasanlage fit! [\/vc_column_text][vc_empty_space][\/vc_column][\/vc_row][vc_row content_width=&#8220;grid&#8220;][vc_column][vc_column_text]Biogasanlagen unterliegen dem Verschlei\u00df und sind, wie alle Anlagen zur Energieerzeugung, auf&#8230;<\/p>\n","protected":false},"author":1,"featured_media":0,"parent":0,"menu_order":2,"comment_status":"closed","ping_status":"closed","template":"full-width.php","meta":{"_acf_changed":false,"footnotes":"","_links_to":"","_links_to_target":""},"class_list":["post-10350","page","type-page","status-publish","hentry"],"acf":[],"_links":{"self":[{"href":"https:\/\/www.schmack-biogas.com\/de\/wp-json\/wp\/v2\/pages\/10350","targetHints":{"allow":["GET"]}}],"collection":[{"href":"https:\/\/www.schmack-biogas.com\/de\/wp-json\/wp\/v2\/pages"}],"about":[{"href":"https:\/\/www.schmack-biogas.com\/de\/wp-json\/wp\/v2\/types\/page"}],"author":[{"embeddable":true,"href":"https:\/\/www.schmack-biogas.com\/de\/wp-json\/wp\/v2\/users\/1"}],"replies":[{"embeddable":true,"href":"https:\/\/www.schmack-biogas.com\/de\/wp-json\/wp\/v2\/comments?post=10350"}],"version-history":[{"count":8,"href":"https:\/\/www.schmack-biogas.com\/de\/wp-json\/wp\/v2\/pages\/10350\/revisions"}],"predecessor-version":[{"id":10748,"href":"https:\/\/www.schmack-biogas.com\/de\/wp-json\/wp\/v2\/pages\/10350\/revisions\/10748"}],"wp:attachment":[{"href":"https:\/\/www.schmack-biogas.com\/de\/wp-json\/wp\/v2\/media?parent=10350"}],"curies":[{"name":"wp","href":"https:\/\/api.w.org\/{rel}","templated":true}]}}