{"id":10488,"date":"2021-09-30T16:31:58","date_gmt":"2021-09-30T14:31:58","guid":{"rendered":"https:\/\/schmack-biogas.d-f.cc\/?page_id=10488"},"modified":"2025-06-25T15:42:18","modified_gmt":"2025-06-25T13:42:18","slug":"presse-service","status":"publish","type":"page","link":"https:\/\/www.schmack-biogas.com\/de\/presse-service\/","title":{"rendered":"Presse-Service"},"content":{"rendered":"<div class=\"wpb-content-wrapper\"><p>[vc_row content_width=&#8220;grid&#8220;][vc_column offset=&#8220;vc_hidden-lg vc_hidden-md vc_hidden-sm&#8220;][vc_empty_space height=&#8220;22px&#8220;][vc_column_text]<\/p>\n<h2 style=\"text-align: left;\">Presse-Service<\/h2>\n<p>[\/vc_column_text][\/vc_column][\/vc_row][vc_row content_width=&#8220;grid&#8220;][vc_column offset=&#8220;vc_hidden-xs&#8220;][vc_empty_space height=&#8220;50px&#8220;][vc_empty_space][\/vc_column][\/vc_row][vc_row content_width=&#8220;grid&#8220;][vc_column width=&#8220;2\/3&#8243;][vc_column_text]Im Presse-Bereich finden Journalisten aktuelle Texte und Bilder zum Unternehmen Schmack Biogas, zu den Produkten und Dienstleistungen sowie zum Thema Biogas. Fragen hierzu beantworten gerne die Mitarbeiter unserer Presseabteilung.<\/p>\n<p><strong>\u00a9 Copyright-Hinweise<\/strong><\/p>\n<p>Die hier per Download erh\u00e4ltlichen Pressetexte, Fotos und Grafiken d\u00fcrfen f\u00fcr redaktionelle und wissenschaftliche Zwecke verwendet werden. In Print- und Online-Ver\u00f6ffentlichungen m\u00fcssen Fotos und Grafiken mit dem Hinweis &#8222;Abbildung: Schmack Biogas&#8220; versehen werden.<\/p>\n<p>Eine Ver\u00f6ffentlichung ist honorarfrei. Wir bitten bei Printmedien um die Zusendung eines Belegexemplars, bei elektronischen Medien um eine kurze Nachricht per\u00a0E-Mail.[\/vc_column_text][vc_empty_space][\/vc_column][vc_column width=&#8220;1\/3&#8243; css=&#8220;.vc_custom_1605107310788{margin-right: -50px !important;border-right-width: 15px !important;border-left-width: 15px !important;padding-top: 20px !important;padding-right: 10px !important;padding-bottom: 20px !important;padding-left: 20px !important;background-color: #f7f7f7 !important;border-left-color: #ffffff !important;border-left-style: solid !important;border-right-color: #ffffff !important;border-right-style: solid !important;}&#8220;]<div class=\"qodef-icon-list-item\">\n\t<div class=\"qodef-icon-list-icon-holder\">\n        <div class=\"qodef-icon-list-icon-holder-inner clearfix\">\n\t\t\t<i class=\"qodef-icon-font-awesome fa fa-phone \" style=\"color:#0e7f80;font-size:20px\" ><\/i>\t\t<\/div>\n\t<\/div>\n\t<p class=\"qodef-icon-list-text\" style=\"color:#0e7f80;font-size:16px\" > Ansprechpartner<\/p>\n<\/div>[vc_column_text css=&#8220;&#8220;]Kanadevia Inova Schmack GmbH<br \/>\nAnke Patt<br \/>\nSenior Marketing Communication Manager<br \/>\nBayernwerk 8<br \/>\n92421 Schwandorf<\/p>\n<p><a href=\"mailto:anke.patt@kanadevia-inova.com\" target=\"_blank\" rel=\"noopener\">Email senden<\/a>[\/vc_column_text][\/vc_column][\/vc_row][vc_row content_width=&#8220;grid&#8220; anchor=&#8220;pressemitteilungen&#8220;][vc_column][vc_empty_space height=&#8220;52px&#8220;][vc_column_text]<\/p>\n<h3>Aktuelle Pressemitteilungen<\/h3>\n<p>[\/vc_column_text][vc_empty_space height=&#8220;22px&#8220;][\/vc_column][\/vc_row][vc_row content_width=&#8220;grid&#8220;][vc_column][vc_empty_space][vc_column_text]<\/p>\n<p style=\"text-align: center;\"><div id=\"upl-list-8588\" class=\"upl-list\">\n<ul>\n<li><div class=\"upl-post-thumbnail\"><a href=\"https:\/\/www.schmack-biogas.com\/de\/watt-dor-award-for-power-to-gas-project-featuring-hzi-technology\/\"><img loading=\"lazy\" decoding=\"async\" width=\"260\" height=\"190\" src=\"https:\/\/www.schmack-biogas.com\/wp-content\/uploads\/2023\/01\/Watt-dOr_Energietechnologien_Limeco_Foto_BFE-thumb.jpg\" class=\"attachment-260x193 size-260x193 wp-post-image\" alt=\"\" srcset=\"https:\/\/www.schmack-biogas.com\/wp-content\/uploads\/2023\/01\/Watt-dOr_Energietechnologien_Limeco_Foto_BFE-thumb.jpg 1920w, https:\/\/www.schmack-biogas.com\/wp-content\/uploads\/2023\/01\/Watt-dOr_Energietechnologien_Limeco_Foto_BFE-thumb-800x585.jpg 800w, https:\/\/www.schmack-biogas.com\/wp-content\/uploads\/2023\/01\/Watt-dOr_Energietechnologien_Limeco_Foto_BFE-thumb-768x561.jpg 768w, https:\/\/www.schmack-biogas.com\/wp-content\/uploads\/2023\/01\/Watt-dOr_Energietechnologien_Limeco_Foto_BFE-thumb-1536x1122.jpg 1536w\" sizes=\"auto, (max-width: 260px) 100vw, 260px\" \/><\/a><\/div><div class=\"upl-post-title\"><a href=\"https:\/\/www.schmack-biogas.com\/de\/watt-dor-award-for-power-to-gas-project-featuring-hzi-technology\/\">Watt d\u2019Or-Auszeichnung f\u00fcr Power-to-Gas-Projekt mit Kanadevia Inova-Technologie<\/a><\/div><div class=\"upl-post-date\">31-01-2023<\/div><div class=\"upl-post-excerpt\">Kanadevia Inova informiert bundesweit \u00fcber eintr\u00e4gliche M\u00f6glichkeiten rund ums Thema Biogas<\/div><\/li>\n<li><div class=\"upl-post-thumbnail\"><a href=\"https:\/\/www.schmack-biogas.com\/de\/aus-mist-mause-machen-biogas-roadshow-zeigt-wies-geht\/\"><img loading=\"lazy\" decoding=\"async\" width=\"260\" height=\"190\" src=\"https:\/\/www.schmack-biogas.com\/wp-content\/uploads\/2023\/01\/mist-maeuse-kanadevia-inova.jpg\" class=\"attachment-260x193 size-260x193 wp-post-image\" alt=\"\" srcset=\"https:\/\/www.schmack-biogas.com\/wp-content\/uploads\/2023\/01\/mist-maeuse-kanadevia-inova.jpg 860w, https:\/\/www.schmack-biogas.com\/wp-content\/uploads\/2023\/01\/mist-maeuse-kanadevia-inova-800x584.jpg 800w, https:\/\/www.schmack-biogas.com\/wp-content\/uploads\/2023\/01\/mist-maeuse-kanadevia-inova-768x561.jpg 768w\" sizes=\"auto, (max-width: 260px) 100vw, 260px\" \/><\/a><\/div><div class=\"upl-post-title\"><a href=\"https:\/\/www.schmack-biogas.com\/de\/aus-mist-mause-machen-biogas-roadshow-zeigt-wies-geht\/\">Aus Mist M\u00e4use machen \u2013 Biogas-Roadshow zeigt, wie\u2019s geht<\/a><\/div><div class=\"upl-post-date\">24-01-2023<\/div><div class=\"upl-post-excerpt\">Kanadevia Inova informiert bundesweit \u00fcber eintr\u00e4gliche M\u00f6glichkeiten rund ums Thema Biogas<\/div><\/li>\n<li><div class=\"upl-post-thumbnail\"><a href=\"https:\/\/www.schmack-biogas.com\/de\/positive-bilanz-bei-hzi-schmack-nach-einem-jahr-ubernahme-entwickelt-sich-zur-erfolgsstory\/\"><img loading=\"lazy\" decoding=\"async\" width=\"260\" height=\"181\" src=\"https:\/\/www.schmack-biogas.com\/wp-content\/uploads\/2022\/10\/Manuel_Goetz-1920x1338-Kanadevia-Inova.jpg\" class=\"attachment-260x193 size-260x193 wp-post-image\" alt=\"\" srcset=\"https:\/\/www.schmack-biogas.com\/wp-content\/uploads\/2022\/10\/Manuel_Goetz-1920x1338-Kanadevia-Inova.jpg 1920w, https:\/\/www.schmack-biogas.com\/wp-content\/uploads\/2022\/10\/Manuel_Goetz-1920x1338-Kanadevia-Inova-800x558.jpg 800w, https:\/\/www.schmack-biogas.com\/wp-content\/uploads\/2022\/10\/Manuel_Goetz-1920x1338-Kanadevia-Inova-768x535.jpg 768w, https:\/\/www.schmack-biogas.com\/wp-content\/uploads\/2022\/10\/Manuel_Goetz-1920x1338-Kanadevia-Inova-1536x1070.jpg 1536w\" sizes=\"auto, (max-width: 260px) 100vw, 260px\" \/><\/a><\/div><div class=\"upl-post-title\"><a href=\"https:\/\/www.schmack-biogas.com\/de\/positive-bilanz-bei-hzi-schmack-nach-einem-jahr-ubernahme-entwickelt-sich-zur-erfolgsstory\/\">Positive Bilanz bei Kanadevia Inova Schmack nach einem Jahr: \u201e\u00dcbernahme entwickelt sich zur Erfolgsstory\u201c<\/a><\/div><div class=\"upl-post-date\">10-10-2022<\/div><div class=\"upl-post-excerpt\">Seit einem Jahr geh\u00f6ren Schmack Biogas Service und microbEnergy nun zum schweizerisch-japanischen Green-Tech-Unternehmen Kanadevia Inova . Inzwischen firmieren die zwei Traditionsmarken aus Schwandorf unter Kanadevia Inova Schmack GmbH (Kanadevia Inova Schmack) und sehen sich im Branchenumfeld der erneuerbaren Energien und f\u00fcr die verst\u00e4rkte Nachfrage nach Biogas bestens aufgestellt.<\/div><\/li>\n<li><div class=\"upl-post-thumbnail\"><a href=\"https:\/\/www.schmack-biogas.com\/de\/einweihung-der-ersten-industriellen-power-to-gas-anlage-der-schweiz\/\"><img loading=\"lazy\" decoding=\"async\" width=\"260\" height=\"172\" src=\"https:\/\/www.schmack-biogas.com\/wp-content\/uploads\/2022\/05\/Limeco-PtG-Anlage-in-Dietikon-teaser.jpg\" class=\"attachment-260x193 size-260x193 wp-post-image\" alt=\"\" srcset=\"https:\/\/www.schmack-biogas.com\/wp-content\/uploads\/2022\/05\/Limeco-PtG-Anlage-in-Dietikon-teaser.jpg 1920w, https:\/\/www.schmack-biogas.com\/wp-content\/uploads\/2022\/05\/Limeco-PtG-Anlage-in-Dietikon-teaser-800x530.jpg 800w, https:\/\/www.schmack-biogas.com\/wp-content\/uploads\/2022\/05\/Limeco-PtG-Anlage-in-Dietikon-teaser-768x509.jpg 768w, https:\/\/www.schmack-biogas.com\/wp-content\/uploads\/2022\/05\/Limeco-PtG-Anlage-in-Dietikon-teaser-1536x1018.jpg 1536w\" sizes=\"auto, (max-width: 260px) 100vw, 260px\" \/><\/a><\/div><div class=\"upl-post-title\"><a href=\"https:\/\/www.schmack-biogas.com\/de\/einweihung-der-ersten-industriellen-power-to-gas-anlage-der-schweiz\/\">Einweihung der ersten industriellen Power-to-Gas-Anlage der Schweiz<\/a><\/div><div class=\"upl-post-date\">04-05-2022<\/div><div class=\"upl-post-excerpt\">Die Power-to-Gas-Anlage mit biologischer Methanisierung im z\u00fcrcherischen Dietikon produziert seit diesem M\u00e4rz gr\u00fcnes Gas aus Abwasser und Abfall.<\/div><\/li>\n<li><div class=\"upl-post-thumbnail\"><a href=\"https:\/\/www.schmack-biogas.com\/de\/schmack-biogas-service-gmbh-and-microbenergy-gmbh-become-part-of-hitachi-zosen-inova\/\"><img loading=\"lazy\" decoding=\"async\" width=\"260\" height=\"151\" src=\"https:\/\/www.schmack-biogas.com\/wp-content\/uploads\/2021\/09\/Schmack-Hauptsitz-mit-Nassvergaerungsanlage.png\" class=\"attachment-260x193 size-260x193 wp-post-image\" alt=\"\" srcset=\"https:\/\/www.schmack-biogas.com\/wp-content\/uploads\/2021\/09\/Schmack-Hauptsitz-mit-Nassvergaerungsanlage.png 1254w, https:\/\/www.schmack-biogas.com\/wp-content\/uploads\/2021\/09\/Schmack-Hauptsitz-mit-Nassvergaerungsanlage-800x463.png 800w, https:\/\/www.schmack-biogas.com\/wp-content\/uploads\/2021\/09\/Schmack-Hauptsitz-mit-Nassvergaerungsanlage-768x445.png 768w\" sizes=\"auto, (max-width: 260px) 100vw, 260px\" \/><\/a><\/div><div class=\"upl-post-title\"><a href=\"https:\/\/www.schmack-biogas.com\/de\/schmack-biogas-service-gmbh-and-microbenergy-gmbh-become-part-of-hitachi-zosen-inova\/\">Schmack Biogas Service GmbH und microbEnergy GmbH werden Teil von Kanadevia Inova<\/a><\/div><div class=\"upl-post-date\">01-10-2021<\/div><div class=\"upl-post-excerpt\">Kanadevia Inova erweitert ihr Produkte- und Serviceportfolio im Bereich der erneuerbaren Gase Das schweizerisch-japanische Cleantech-Unternehmen \u2026<\/div><\/li>\n<li><div class=\"upl-post-thumbnail\"><a href=\"https:\/\/www.schmack-biogas.com\/de\/auferstehung-einer-ruine-die-biogaseinspeiseanlage-in-gordemitz\/\"><img loading=\"lazy\" decoding=\"async\" width=\"260\" height=\"146\" src=\"https:\/\/www.schmack-biogas.com\/wp-content\/uploads\/2021\/09\/DR_21-05_19_023-s.jpg\" class=\"attachment-260x193 size-260x193 wp-post-image\" alt=\"\" srcset=\"https:\/\/www.schmack-biogas.com\/wp-content\/uploads\/2021\/09\/DR_21-05_19_023-s.jpg 1400w, https:\/\/www.schmack-biogas.com\/wp-content\/uploads\/2021\/09\/DR_21-05_19_023-s-800x450.jpg 800w, https:\/\/www.schmack-biogas.com\/wp-content\/uploads\/2021\/09\/DR_21-05_19_023-s-768x432.jpg 768w, https:\/\/www.schmack-biogas.com\/wp-content\/uploads\/2021\/09\/DR_21-05_19_023-s-1320x742.jpg 1320w\" sizes=\"auto, (max-width: 260px) 100vw, 260px\" \/><\/a><\/div><div class=\"upl-post-title\"><a href=\"https:\/\/www.schmack-biogas.com\/de\/auferstehung-einer-ruine-die-biogaseinspeiseanlage-in-gordemitz\/\">Auferstehung einer Ruine \u2013 die Biogaseinspeiseanlage in Gordemitz<\/a><\/div><div class=\"upl-post-date\">04-06-2021<\/div><div class=\"upl-post-excerpt\">Einer\u00a0au\u00dfergew\u00f6hnlichen Partnerschaft gelingt im Eiltempo der Kraftakt aus der Insolvenz auf Volllast Seit Fr\u00fchjahr 2021 speist die Biogasanlage im \u2026<\/div><\/li>\n<li><div class=\"upl-post-thumbnail\"><a href=\"https:\/\/www.schmack-biogas.com\/de\/doppelforderung-bei-biogasanlagen-das-grose-missverstandnis\/\"><img loading=\"lazy\" decoding=\"async\" width=\"260\" height=\"186\" src=\"https:\/\/www.schmack-biogas.com\/wp-content\/uploads\/2021\/09\/Schmack-Biogas-Service-GmbH_PM-06-04-2021-s.jpg\" class=\"attachment-260x193 size-260x193 wp-post-image\" alt=\"\" srcset=\"https:\/\/www.schmack-biogas.com\/wp-content\/uploads\/2021\/09\/Schmack-Biogas-Service-GmbH_PM-06-04-2021-s.jpg 1400w, https:\/\/www.schmack-biogas.com\/wp-content\/uploads\/2021\/09\/Schmack-Biogas-Service-GmbH_PM-06-04-2021-s-800x571.jpg 800w, https:\/\/www.schmack-biogas.com\/wp-content\/uploads\/2021\/09\/Schmack-Biogas-Service-GmbH_PM-06-04-2021-s-768x549.jpg 768w, https:\/\/www.schmack-biogas.com\/wp-content\/uploads\/2021\/09\/Schmack-Biogas-Service-GmbH_PM-06-04-2021-s-1320x943.jpg 1320w\" sizes=\"auto, (max-width: 260px) 100vw, 260px\" \/><\/a><\/div><div class=\"upl-post-title\"><a href=\"https:\/\/www.schmack-biogas.com\/de\/doppelforderung-bei-biogasanlagen-das-grose-missverstandnis\/\">\u201eDoppelf\u00f6rderung\u201c bei Biogasanlagen \u2013 das gro\u00dfe Missverst\u00e4ndnis<\/a><\/div><div class=\"upl-post-date\">23-04-2021<\/div><div class=\"upl-post-excerpt\">Betreiber und Anlagenbauer fordern den uneingeschr\u00e4nkten Erhalt des Flexibilit\u00e4tszuschlag im EEG 2021 Schwandorf, 6. April 2021. Bei einem Besuch im \u2026<\/div><\/li>\n<li><div class=\"upl-post-thumbnail\"><a href=\"https:\/\/www.schmack-biogas.com\/de\/equipped-for-the-future-optimisation-concept-for-the-ivenack-biogas-plant\/\"><img loading=\"lazy\" decoding=\"async\" width=\"260\" height=\"173\" src=\"https:\/\/www.schmack-biogas.com\/wp-content\/uploads\/2020\/04\/placeholder.jpg\" class=\"attachment-260x193 size-260x193 wp-post-image\" alt=\"\" srcset=\"https:\/\/www.schmack-biogas.com\/wp-content\/uploads\/2020\/04\/placeholder.jpg 1024w, https:\/\/www.schmack-biogas.com\/wp-content\/uploads\/2020\/04\/placeholder-300x200.jpg 300w, https:\/\/www.schmack-biogas.com\/wp-content\/uploads\/2020\/04\/placeholder-768x512.jpg 768w\" sizes=\"auto, (max-width: 260px) 100vw, 260px\" \/><\/a><\/div><div class=\"upl-post-title\"><a href=\"https:\/\/www.schmack-biogas.com\/de\/equipped-for-the-future-optimisation-concept-for-the-ivenack-biogas-plant\/\">Ger\u00fcstet f\u00fcr die Zukunft &#8211; Optimierungskonzept der Biogasanlage Ivenack<\/a><\/div><div class=\"upl-post-date\">11-09-2020<\/div><div class=\"upl-post-excerpt\">Senkung der Betriebskosten durch deutlich geringeren Energieeigenverbrauch Bekannt ist die mecklenburgische Gemeinde Ivenack f\u00fcr ihre\u00a0uralten \u2026<\/div><\/li>\n<\/ul>\n<\/div>\n<p>[\/vc_column_text][vc_row_inner][vc_column_inner offset=&#8220;vc_hidden-lg vc_hidden-md vc_hidden-sm vc_hidden-xs&#8220;][vc_column_text]<a href=\"https:\/\/www.hz-inova.com\/about-us\/news-events-archive\/\">Zum News Archiv<\/a>[\/vc_column_text][\/vc_column_inner][\/vc_row_inner][\/vc_column][\/vc_row][vc_row][vc_column][vc_empty_space height=&#8220;100px&#8220;][\/vc_column][\/vc_row]<\/p>\n<\/div>","protected":false},"excerpt":{"rendered":"<p>[vc_row content_width=&#8220;grid&#8220;][vc_column offset=&#8220;vc_hidden-lg vc_hidden-md vc_hidden-sm&#8220;][vc_empty_space height=&#8220;22px&#8220;][vc_column_text] Presse-Service [\/vc_column_text][\/vc_column][\/vc_row][vc_row content_width=&#8220;grid&#8220;][vc_column offset=&#8220;vc_hidden-xs&#8220;][vc_empty_space height=&#8220;50px&#8220;][vc_empty_space][\/vc_column][\/vc_row][vc_row content_width=&#8220;grid&#8220;][vc_column width=&#8220;2\/3&#8243;][vc_column_text]Im Presse-Bereich finden Journalisten aktuelle Texte und Bilder zum&#8230;<\/p>\n","protected":false},"author":1,"featured_media":0,"parent":0,"menu_order":1,"comment_status":"closed","ping_status":"closed","template":"full-width.php","meta":{"_acf_changed":false,"footnotes":"","_links_to":"","_links_to_target":""},"class_list":["post-10488","page","type-page","status-publish","hentry"],"acf":[],"_links":{"self":[{"href":"https:\/\/www.schmack-biogas.com\/de\/wp-json\/wp\/v2\/pages\/10488","targetHints":{"allow":["GET"]}}],"collection":[{"href":"https:\/\/www.schmack-biogas.com\/de\/wp-json\/wp\/v2\/pages"}],"about":[{"href":"https:\/\/www.schmack-biogas.com\/de\/wp-json\/wp\/v2\/types\/page"}],"author":[{"embeddable":true,"href":"https:\/\/www.schmack-biogas.com\/de\/wp-json\/wp\/v2\/users\/1"}],"replies":[{"embeddable":true,"href":"https:\/\/www.schmack-biogas.com\/de\/wp-json\/wp\/v2\/comments?post=10488"}],"version-history":[{"count":6,"href":"https:\/\/www.schmack-biogas.com\/de\/wp-json\/wp\/v2\/pages\/10488\/revisions"}],"predecessor-version":[{"id":11038,"href":"https:\/\/www.schmack-biogas.com\/de\/wp-json\/wp\/v2\/pages\/10488\/revisions\/11038"}],"wp:attachment":[{"href":"https:\/\/www.schmack-biogas.com\/de\/wp-json\/wp\/v2\/media?parent=10488"}],"curies":[{"name":"wp","href":"https:\/\/api.w.org\/{rel}","templated":true}]}}