{"id":10761,"date":"2022-03-23T13:28:20","date_gmt":"2022-03-23T12:28:20","guid":{"rendered":"https:\/\/www.schmack-biogas.com\/?page_id=10761"},"modified":"2022-03-31T15:37:19","modified_gmt":"2022-03-31T13:37:19","slug":"power-to-gas","status":"publish","type":"page","link":"https:\/\/www.schmack-biogas.com\/de\/anlagenbau\/power-to-gas\/","title":{"rendered":"Power-to-Gas"},"content":{"rendered":"<div class=\"wpb-content-wrapper\"><p>[vc_row content_width=&#8220;grid&#8220;][vc_column][vc_empty_space][vc_column_text]<\/p>\n<h2 style=\"text-align: left;\">Power-to-Gas-L\u00f6sungen<\/h2>\n<p>[\/vc_column_text][vc_empty_space][\/vc_column][\/vc_row][vc_row content_width=&#8220;grid&#8220;][vc_column][vc_column_text]<strong>Unser Ziel ist die\u00a0Energiewende. Um den Klimawandel aufzuhalten ist eine Dekarbonisierung aller Sektoren notwendig. Es entstehen Technologien, die Kohlenstoffdioxid f\u00fcr Strom, W\u00e4rme und Mobilit\u00e4t in gro\u00dfem Umfang einsparen. Eine vollst\u00e4ndige Dekarbonisierung der Sektoren ist rein elektrisch nicht m\u00f6glich. Deshalb konzentrieren wir uns darauf, gr\u00fcne synthetische Kraftstoffe wie Wasserstoff oder Methan herzustellen und in die praktische Anwendung zu bringen. Damit r\u00fcckt die bereits heute verf\u00fcgbare Power-to-Gas-Technologie weiter in den Fokus, denn sie erm\u00f6glicht die Umwandlung von Strom in speicherbare Energieformen.<\/strong><\/p>\n<p><strong>Als Power-to-Gas bezeichnen wir das Verfahren, in dem Wasser (H2O) mithilfe von Strom per Elektrolyse in Wasserstoff (H2) und Sauerstoff (O2) aufgespaltet wird. In einem nachgelagerten Methanisierungs-Verfahren kann dieser Wasserstoff zu Methan weiterverarbeitet werden.<\/strong>[\/vc_column_text][vc_empty_space height=&#8220;22px&#8220;][\/vc_column][\/vc_row][vc_row content_width=&#8220;grid&#8220; anchor=&#8220;biogas&#8220;][vc_column][vc_empty_space height=&#8220;52px&#8220;][vc_column_text]<\/p>\n<h3><strong>Die biologische Methanisierung von Kanadevia Inova Schmack<\/strong><\/h3>\n<p>[\/vc_column_text][vc_empty_space height=&#8220;22px&#8220;][vc_column_text]<strong>Unser Power-to-Gas-Verfahren erm\u00f6glicht die Umwandlung von Strom in synthetisches Methan. Mit dem Verfahren BiON\u00ae haben wir\u00a0die \u00fcberzeugende Methode zur biologischen Methanisierung entwickelt.<\/strong>[\/vc_column_text][vc_empty_space height=&#8220;22px&#8220;][vc_row_inner][vc_column_inner width=&#8220;1\/2&#8243;][vc_column_text]Spezielle Mikroorganismen sind die Hauptakteure im BiON\u00ae-Verfahren, wenn Wasserstoff und Kohlendioxid in reines Methan umgewandelt werden. Sowohl Umgebungsdruck, als auch Umgebungstemperatur spielen eine besondere Rolle bei der Aktivit\u00e4t der Mikroorganismen. Wobei \u00fcbrigens nur eine geringe Anforderung an die Reinheit der Ausgangsgase gestellt wird. Das f\u00fcr die Umsetzung n\u00f6tige Kohlendioxid (CO\u2082) wird direkt genutzt, egal ob es aus industriellen Prozessen, der Umgebungsluft oder aus Verg\u00e4rungsanlagen kommt. Das so gewonnene synthetische Methan wird ohne Umwege in das Erdgasnetz eingespeist, in einem Gasspeicher bevorratet oder alternativ bedarfsgerecht zur Unterst\u00fctzung eines Blockheizkraftwerkes eingesetzt. Unser Power-to-Gas-Verfahren differenziert sich somit technisch grundlegend vom chemisch-katalytischen Verfahren.<\/p>\n<p><strong>Kanadevia Inova Schmack bietet Ihnen vom Engineering und Anlagenbau bis zum Service das komplette technologische Know-how aus einer Hand.<\/strong>[\/vc_column_text][vc_empty_space height=&#8220;22px&#8220;][\/vc_column_inner][vc_column_inner width=&#8220;1\/2&#8243;][vc_empty_space height=&#8220;52px&#8220;][vc_single_image image=&#8220;10764&#8243; img_size=&#8220;full&#8220; onclick=&#8220;link_image&#8220; css=&#8220;.vc_custom_1648063084867{border-top-width: 1px !important;border-right-width: 1px !important;border-bottom-width: 1px !important;border-left-width: 1px !important;border-left-color: #000000 !important;border-right-color: #000000 !important;border-top-color: #000000 !important;border-bottom-color: #000000 !important;border-radius: 1px !important;}&#8220;][\/vc_column_inner][\/vc_row_inner][vc_column_text][\/vc_column_text]<div class=\"qodef-separator-holder clearfix  qodef-separator-center qodef-separator-full-width\">\n\t<div class=\"qodef-separator\" style=\"border-color: #0e7f80;border-style: solid\"><\/div>\n<\/div>\n[\/vc_column][\/vc_row][vc_row content_width=&#8220;grid&#8220; anchor=&#8220;gaseinspeisung&#8220;][vc_column][vc_empty_space height=&#8220;52px&#8220;][vc_column_text]<\/p>\n<h3>Ihr Weg zur eigenen Power-to-Gas-Anlage: Standortanalyse und Machbarkeitsstudien<\/h3>\n<p>[\/vc_column_text][vc_empty_space height=&#8220;22px&#8220;][vc_row_inner][vc_column_inner][vc_column_text]<strong>In zwei Phasen analysieren wir Ihren Standort: Zun\u00e4chst pr\u00fcfen wir die Eignung anhand einer genauen Bewertungsmatrix. In Phase zwei entwickeln wir ein ma\u00dfgeschneidertes Konzept mit optimalen Rahmenbedingungen \u2013 von der Wirtschaftlichkeit, \u00fcber die Dimensionierung bis hin zum Projektmanagement.<\/strong>[\/vc_column_text][vc_empty_space height=&#8220;22px&#8220;][\/vc_column_inner][\/vc_row_inner][vc_row_inner][vc_column_inner width=&#8220;1\/2&#8243;][vc_column_text]<strong>Phase 1<\/strong> der Analyse: Eignet sich Power-to-Gas an meinem Standort?<\/p>\n<p>Wir pr\u00fcfen f\u00fcr Sie unter anderem:<\/p>\n<ul>\n<li>Eignung der vorhandenen Infrastruktur<\/li>\n<li>Stoff- und Energiebilanz<\/li>\n<li>Beh\u00f6rdliche Abstimmung<\/li>\n<li>F\u00f6rdermittelrecherche<\/li>\n<li>Prozesssimulation<\/li>\n<\/ul>\n<p>[\/vc_column_text][vc_empty_space height=&#8220;22px&#8220;][vc_column_text]In <strong>Phase 2<\/strong> unterst\u00fctzen wir Sie bei der Integration der Power-to-Gas-Anlage in das Gesamtkonzept. Unter anderem sind hierf\u00fcr folgende Punkte relevant:<\/p>\n<ul>\n<li>Aufstellplan &amp; Komponentenliste<\/li>\n<li>R&amp;I-Flie\u00dfschema<\/li>\n<li>3D-Modell der Anlage<\/li>\n<li>Kosten-Nutzen-Analyse<\/li>\n<li>Risikoanalyse<\/li>\n<li>Zeit- &amp; Kostenmonitoring<\/li>\n<\/ul>\n<p>[\/vc_column_text][\/vc_column_inner][vc_column_inner width=&#8220;1\/2&#8243;][vc_single_image image=&#8220;10769&#8243; img_size=&#8220;large&#8220;][\/vc_column_inner][\/vc_row_inner][vc_empty_space height=&#8220;22px&#8220;][vc_column_text]<strong>Sie brauchen schnell eine erste kostenlose Einsch\u00e4tzung zur Gr\u00f6\u00dfe Ihres Power-to-Gas-Potentials?<\/strong><\/p>\n<p><strong>Machen Sie\u00a0<a href=\"https:\/\/www.schmack-biogas.com\/anlagenbau\/online-check\/\">hier<\/a>\u00a0den\u00a0Online-Check!<\/strong>[\/vc_column_text][vc_empty_space height=&#8220;22px&#8220;]<div class=\"qodef-separator-holder clearfix  qodef-separator-center qodef-separator-full-width\">\n\t<div class=\"qodef-separator\" style=\"border-color: #0e7f80;border-style: solid\"><\/div>\n<\/div>\n[\/vc_column][\/vc_row][vc_row content_width=&#8220;grid&#8220; anchor=&#8220;end&#8220;][vc_column][vc_empty_space height=&#8220;100px&#8220;][\/vc_column][\/vc_row]<\/p>\n<\/div>","protected":false},"excerpt":{"rendered":"<p>[vc_row content_width=&#8220;grid&#8220;][vc_column][vc_empty_space][vc_column_text] Power-to-Gas-L\u00f6sungen [\/vc_column_text][vc_empty_space][\/vc_column][\/vc_row][vc_row content_width=&#8220;grid&#8220;][vc_column][vc_column_text]Unser Ziel ist die\u00a0Energiewende. Um den Klimawandel aufzuhalten ist eine Dekarbonisierung aller Sektoren notwendig. Es entstehen Technologien,&#8230;<\/p>\n","protected":false},"author":2,"featured_media":0,"parent":6322,"menu_order":2,"comment_status":"closed","ping_status":"closed","template":"full-width.php","meta":{"_acf_changed":false,"footnotes":"","_links_to":"","_links_to_target":""},"class_list":["post-10761","page","type-page","status-publish","hentry"],"acf":[],"_links":{"self":[{"href":"https:\/\/www.schmack-biogas.com\/de\/wp-json\/wp\/v2\/pages\/10761","targetHints":{"allow":["GET"]}}],"collection":[{"href":"https:\/\/www.schmack-biogas.com\/de\/wp-json\/wp\/v2\/pages"}],"about":[{"href":"https:\/\/www.schmack-biogas.com\/de\/wp-json\/wp\/v2\/types\/page"}],"author":[{"embeddable":true,"href":"https:\/\/www.schmack-biogas.com\/de\/wp-json\/wp\/v2\/users\/2"}],"replies":[{"embeddable":true,"href":"https:\/\/www.schmack-biogas.com\/de\/wp-json\/wp\/v2\/comments?post=10761"}],"version-history":[{"count":9,"href":"https:\/\/www.schmack-biogas.com\/de\/wp-json\/wp\/v2\/pages\/10761\/revisions"}],"predecessor-version":[{"id":10788,"href":"https:\/\/www.schmack-biogas.com\/de\/wp-json\/wp\/v2\/pages\/10761\/revisions\/10788"}],"up":[{"embeddable":true,"href":"https:\/\/www.schmack-biogas.com\/de\/wp-json\/wp\/v2\/pages\/6322"}],"wp:attachment":[{"href":"https:\/\/www.schmack-biogas.com\/de\/wp-json\/wp\/v2\/media?parent=10761"}],"curies":[{"name":"wp","href":"https:\/\/api.w.org\/{rel}","templated":true}]}}