{"id":11269,"date":"2026-04-14T09:08:03","date_gmt":"2026-04-14T07:08:03","guid":{"rendered":"https:\/\/www.schmack-biogas.com\/?page_id=11269"},"modified":"2026-04-14T09:08:03","modified_gmt":"2026-04-14T07:08:03","slug":"webinare","status":"publish","type":"page","link":"https:\/\/www.schmack-biogas.com\/de\/events\/webinare\/","title":{"rendered":"Webinare<br>Kurz &#038; auf den Punkt"},"content":{"rendered":"<div class=\"wpb-content-wrapper\"><p>[vc_row content_width=&#8220;grid&#8220; css=&#8220;.vc_custom_1776149525477{background-image: url(https:\/\/www.schmack-biogas.com\/wp-content\/uploads\/2026\/04\/kanadevia-inova-l-webinar-header.jpg?id=11266) !important;}&#8220;][vc_column offset=&#8220;vc_hidden-lg vc_hidden-md vc_hidden-sm&#8220;][vc_empty_space height=&#8220;22px&#8220;][vc_column_text css=&#8220;&#8220;]<\/p>\n<h2 style=\"text-align: left;\"><span style=\"color: #ffffff;\">Webinare<br \/>\nKurz &amp; auf den Punkt<\/span><\/h2>\n<p>[\/vc_column_text][vc_empty_space][\/vc_column][\/vc_row][vc_row content_width=&#8220;grid&#8220;][vc_column][vc_empty_space height=&#8220;50px&#8220;][vc_empty_space][\/vc_column][\/vc_row][vc_row content_width=&#8220;grid&#8220;][vc_column][vc_column_text css=&#8220;&#8220;]<\/p>\n<h2>Praxiswissen \u2013 kompakt und online.<\/h2>\n<p>[\/vc_column_text][vc_empty_space][vc_column_text css=&#8220;&#8220;]<\/p>\n<p style=\"font-weight: 400;\">In unseren Webinaren greifen wir aktuelle Fragestellungen aus dem Anlagenbetrieb auf und zeigen konkrete L\u00f6sungsans\u00e4tze aus der Praxis. Kurz, verst\u00e4ndlich und direkt umsetzbar.<\/p>\n<p>[\/vc_column_text][vc_empty_space][\/vc_column][\/vc_row][vc_row content_width=&#8220;grid&#8220; css=&#8220;.vc_custom_1776148820685{background-color: #EAEAEA !important;}&#8220;][vc_column width=&#8220;1\/2&#8243;][vc_empty_space][vc_column_text css=&#8220;&#8220;]<\/p>\n<h3 style=\"font-weight: 400;\"><strong>Aktuelle Webinare<\/strong><\/h3>\n<p>[\/vc_column_text][vc_empty_space height=&#8220;12px&#8220;][vc_column_text css=&#8220;&#8220;]Aktuell sind keine Webinare geplant.[\/vc_column_text][vc_empty_space][\/vc_column][vc_column width=&#8220;1\/2&#8243;][vc_empty_space][vc_column_text css=&#8220;&#8220;]<\/p>\n<h3 style=\"font-weight: 400;\"><strong>Vergangene Webinare<\/strong><\/h3>\n<p>[\/vc_column_text][vc_empty_space height=&#8220;12px&#8220;][vc_column_text css=&#8220;&#8220;]<\/p>\n<h3 style=\"font-weight: 400;\"><strong style=\"font-size: 16px;\">07.10.2025\u00a0<\/strong><\/h3>\n<div>\n<p style=\"font-weight: 400;\">Biogas Dienstag \u00d6sterreich \u2013 \u201eREMEX\u00ae &#8211; Effiziente R\u00fchrtechnik\u201c<br \/>\n<a href=\"#\">Download Vortrag<\/a><\/p>\n<\/div>\n<p>[\/vc_column_text][vc_empty_space][\/vc_column][\/vc_row][vc_row content_width=&#8220;grid&#8220;][vc_column][vc_empty_space][vc_column_text css=&#8220;&#8220;]Wir entwickeln unser Angebot kontinuierlich weiter und informieren Sie hier, sobald neue Termine verf\u00fcgbar sind.<\/p>\n<p>Bei individuellem Schulungsbedarf sprechen Sie uns gerne jederzeit an.[\/vc_column_text][\/vc_column][\/vc_row][vc_row content_width=&#8220;grid&#8220;][vc_column width=&#8220;1\/2&#8243; offset=&#8220;vc_hidden-sm vc_hidden-xs&#8220;][vc_empty_space]<div class=\"qodef-accordion-holder clearfix qodef-toggle qodef-boxed \">\n\t<h4 class=\"clearfix qodef-title-holder\" >\n\t<span class=\"qodef-accordion-mark qodef-left-mark\">\n\t\t<span class=\"qodef-accordion-mark-icon\">\n\t\t\t<span class=\"icon_plus\"><\/span>\n\t\t\t<span class=\"icon_minus-06\"><\/span>\n\t\t<\/span>\n\t<\/span>\n\t<span class=\"qodef-tab-title\">\n\t\t<span class=\"qodef-tab-title-inner\">\n\t\t\tIhr Kontakt zu uns\t\t<\/span>\n\t<\/span>\n<\/h4>\n<div class=\"qodef-accordion-content\">\n\t<div class=\"qodef-accordion-content-inner\">\n\t\t[vc_column_text css=&#8220;&#8220;]<div style=\"display:none\" class=\"fm-form-container fm-theme1\"><div id=\"fm-pages17\" class=\"fm-pages wdform_page_navigation \" show_title=\"\" show_numbers=\"1\" type=\"none\"><\/div><form name=\"form17\" action=\"\/de\/wp-json\/wp\/v2\/pages\/11269\" method=\"post\" id=\"form17\" class=\"fm-form form17  \" enctype=\"multipart\/form-data\"><input type=\"hidden\" id=\"counter17\" value=\"19\" name=\"counter17\" \/><input type=\"hidden\" id=\"Itemid17\" value=\"\" name=\"Itemid17\" \/><input type=\"text\" class=\"fm-hide\" id=\"fm_bot_validation17\" value=\"\" name=\"fm_bot_validation17\" \/><input type=\"text\" class=\"fm-hide\" id=\"fm_empty_field_validation17\" value=\"\" name=\"fm_empty_field_validation17\" data-value=\"\" \/><input type=\"hidden\" id=\"fm_form_nonce17\" name=\"fm_form_nonce17\" value=\"fdc1ee9793\" \/><input type=\"hidden\" name=\"_wp_http_referer\" value=\"\/de\/wp-json\/wp\/v2\/pages\/11269\" \/><div class=\"wdform-page-and-images fm-form-builder\"><div id=\"17form_view1\" class=\"wdform_page\" page_title=\"Untitled page\" next_title=\"Next\" next_type=\"text\" next_class=\"wdform-page-button\" next_checkable=\"true\" previous_title=\"Previous\" previous_type=\"text\" previous_class=\"wdform-page-button\" previous_checkable=\"false\"><div class=\"wdform_section\"><div class=\"wdform_column\"><div wdid=\"4\" class=\"wdform_row\"><div type=\"type_editor\" class=\"wdform-field\"><hr><\/div><\/div><\/div><div class=\"wdform_column\"><div wdid=\"5\" class=\"wdform_row\"><div type=\"type_name\" class=\"wdform-field wd-width-100 wd-flex wd-flex-column\"><div class=\"wdform-label-section wd-width-100  wd-flex-row\">    <label  for=\"wdform_5_element_first17\" class=\"wdform-label\">Name<\/label><\/div><div class=\"wdform-element-section wd-flex  wd-flex-row wd-width-100\" ><div class=\"wd-flex wd-flex-column wd-width-50\"><input type=\"text\" class=\"wd-width-100\" id=\"wdform_5_element_first17\" name=\"wdform_5_element_first17\" value=\"\" title=\"\" placeholder=\"\"  \/><label class=\"mini_label\" for=\"wdform_5_element_first17\">Vorname<\/label><\/div><div class=\"wd-flex wd-flex-column wd-name-separator\"><\/div><div class=\"wd-flex wd-flex-column wd-width-50\"><input type=\"text\" class=\"wd-width-100\" id=\"wdform_5_element_last17\" name=\"wdform_5_element_last17\" value=\"\" title=\"\" placeholder=\"\"  \/><label class=\"mini_label\" for=\"wdform_5_element_last17\">Nachname<\/label><\/div><\/div><\/div><\/div><\/div><div class=\"wdform_column\"><div wdid=\"6\" class=\"wdform_row\"><div type=\"type_submitter_mail\" class=\"wdform-field wd-width-100 wd-flex wd-flex-column\"><div class=\"wdform-label-section wd-width-100  wd-flex-row\">    <label  for=\"wdform_6_element17\" class=\"wdform-label\">Email<\/label><\/div><div class=\"wdform-element-section wd-flex  wd-flex-row wd-width-100\" ><input type=\"text\" class=\"wd-width-100\" id=\"wdform_6_element17\" name=\"wdform_6_element17\" value=\"\" title=\"\" placeholder=\"\"   onchange=\"wd_check_email('6', '17', 'Dies ist keine g\u00fcltige E-Mail-Adresse.')\" \/><\/div><\/div><\/div><div wdid=\"18\" class=\"wdform_row\"><div type=\"type_phone_new\" class=\"wdform-field wd-width-100 wd-flex wd-flex-column\"><div class=\"wdform-label-section wd-width-100 \">    <label  for=\"wdform_18_element17\" class=\"wdform-label\">Telefonnummer<\/label><\/div><div class=\"wdform-element-section wd-flex  wd-width-100\" ><input type=\"text\"                       class=\"wd-width-100\"                       id=\"wdform_18_element17\"                       name=\"wdform_18_element17\"                       value=\"\"                       placeholder=\"\"  \/><\/div><\/div><\/div><\/div><div class=\"wdform_column\"><div wdid=\"7\" class=\"wdform_row\"><div type=\"type_textarea\" class=\"wdform-field wd-width-100 wd-flex wd-flex-column\"><div class=\"wdform-label-section wd-width-100 \">    <label  for=\"wdform_7_element17\" class=\"wdform-label\">Nachricht<\/label><\/div><div class=\"wdform-element-section wd-flex  wd-width-100\" ><textarea class=\"wd-width-100\"                      id=\"wdform_7_element17\"                      name=\"wdform_7_element17\"                      placeholder=\"\"                      style=\"height: 100px;\"                      ><\/textarea><\/div><\/div><\/div><\/div><div class=\"wdform_column\"><div wdid=\"9\" class=\"wdform_row\"><div type=\"type_editor\" class=\"wdform-field\"><a href=\"https:\/\/www.schmack-biogas.com\/de\/privacy-policy\/\">Datenschutzbestimmungen der Kanadevia Inova Schmack GmbH<\/a><\/div><\/div><\/div><div class=\"wdform_column\"><div wdid=\"8\" class=\"wdform_row\"><div type=\"type_checkbox\" class=\"wdform-field wd-width-100 wd-flex wd-flex-row\"><div class=\"wdform-label-section wd-width-30  wd-flex-wrap wd-flex-column wd-hidden\">    <label  class=\"wdform-label\">Datenschutz<\/label><\/div><div class=\"wdform-element-section wd-flex  wd-flex-wrap wd-flex-column wd-width-100\" ><div class=\"wd-flex wd-flex-column\"><input type=\"hidden\" name=\"wdform_8_element17\" value=\"\" \/><div class=\"checkbox-div wd-choice wd-flex wd-flex-row\"><input type=\"checkbox\"  id=\"wdform_8_element170\" name=\"wdform_8_element170\" value=\"Ich habe die Datenschutzbestimmungen gelesen und bin damit einverstanden.\"    \/><label class=\"wd-align-items-center wd-flex wd-flex-row\" for=\"wdform_8_element170\"><span><\/span>Ich habe die Datenschutzbestimmungen gelesen und bin damit einverstanden.<\/label><\/div><\/div><\/div><\/div><\/div><\/div><div class=\"wdform_column\"><div wdid=\"1\" class=\"wdform_row\"><div type=\"type_submit_reset\" class=\"wdform-field wd-width-100 wd-flex wd-flex-column\"><div class=\"wdform-element-section wd-flex  wd-flex-row wd-justify-content-left wd-width-100\" ><button  type=\"button\" class=\"button-submit\" onclick=\"fm_submit_form('17');\"  data-ajax=\"0\"><span class=\"fm-submit-loading spinner fm-ico-spinner\"><\/span>Senden<\/button><button  type=\"button\" class=\"button-reset wd-hidden\" onclick=\"fm_reset_form(17);\" >Reset<\/button><\/div><\/div><\/div><\/div><\/div><div valign=\"top\" class=\"wdform_footer wd-width-100\"><div class=\"wd-width-100\"><div class=\"wd-width-100 wd-table\" style=\"padding-top:10px;\"><div class=\"wd-table-group\"><div id=\"17page_nav1\" class=\"wd-table-row\"><\/div><\/div><\/div><\/div><\/div><\/div><\/div><div class=\"wdform_preload\"><\/div><\/form><\/div>[\/vc_column_text][vc_empty_space height=&#8220;12px&#8220;]\t<\/div>\n<\/div>\n<\/div>[vc_empty_space height=&#8220;64px&#8220;][\/vc_column][vc_column width=&#8220;1\/2&#8243;][\/vc_column][\/vc_row][vc_row][vc_column][vc_empty_space][\/vc_column][\/vc_row][vc_row content_width=&#8220;grid&#8220;][vc_column offset=&#8220;vc_hidden-lg vc_hidden-md&#8220;][vc_empty_space height=&#8220;64px&#8220;][vc_column_text css=&#8220;&#8220;]Wir entwickeln unser Angebot kontinuierlich weiter und informieren Sie hier, sobald neue Termine verf\u00fcgbar sind.<\/p>\n<p>Bei individuellem Schulungsbedarf sprechen Sie uns gerne jederzeit an.[\/vc_column_text][vc_column_text css=&#8220;&#8220;]<div style=\"display:none\" class=\"fm-form-container fm-theme1\"><div id=\"fm-pages17\" class=\"fm-pages wdform_page_navigation \" show_title=\"\" show_numbers=\"1\" type=\"none\"><\/div><form name=\"form17\" action=\"\/de\/wp-json\/wp\/v2\/pages\/11269\" method=\"post\" id=\"form17\" class=\"fm-form form17  \" enctype=\"multipart\/form-data\"><input type=\"hidden\" id=\"counter17\" value=\"19\" name=\"counter17\" \/><input type=\"hidden\" id=\"Itemid17\" value=\"\" name=\"Itemid17\" \/><input type=\"text\" class=\"fm-hide\" id=\"fm_bot_validation17\" value=\"\" name=\"fm_bot_validation17\" \/><input type=\"text\" class=\"fm-hide\" id=\"fm_empty_field_validation17\" value=\"\" name=\"fm_empty_field_validation17\" data-value=\"\" \/><input type=\"hidden\" id=\"fm_form_nonce17\" name=\"fm_form_nonce17\" value=\"fdc1ee9793\" \/><input type=\"hidden\" name=\"_wp_http_referer\" value=\"\/de\/wp-json\/wp\/v2\/pages\/11269\" \/><div class=\"wdform-page-and-images fm-form-builder\"><div id=\"17form_view1\" class=\"wdform_page\" page_title=\"Untitled page\" next_title=\"Next\" next_type=\"text\" next_class=\"wdform-page-button\" next_checkable=\"true\" previous_title=\"Previous\" previous_type=\"text\" previous_class=\"wdform-page-button\" previous_checkable=\"false\"><div class=\"wdform_section\"><div class=\"wdform_column\"><div wdid=\"4\" class=\"wdform_row\"><div type=\"type_editor\" class=\"wdform-field\"><hr><\/div><\/div><\/div><div class=\"wdform_column\"><div wdid=\"5\" class=\"wdform_row\"><div type=\"type_name\" class=\"wdform-field wd-width-100 wd-flex wd-flex-column\"><div class=\"wdform-label-section wd-width-100  wd-flex-row\">    <label  for=\"wdform_5_element_first17\" class=\"wdform-label\">Name<\/label><\/div><div class=\"wdform-element-section wd-flex  wd-flex-row wd-width-100\" ><div class=\"wd-flex wd-flex-column wd-width-50\"><input type=\"text\" class=\"wd-width-100\" id=\"wdform_5_element_first17\" name=\"wdform_5_element_first17\" value=\"\" title=\"\" placeholder=\"\"  \/><label class=\"mini_label\" for=\"wdform_5_element_first17\">Vorname<\/label><\/div><div class=\"wd-flex wd-flex-column wd-name-separator\"><\/div><div class=\"wd-flex wd-flex-column wd-width-50\"><input type=\"text\" class=\"wd-width-100\" id=\"wdform_5_element_last17\" name=\"wdform_5_element_last17\" value=\"\" title=\"\" placeholder=\"\"  \/><label class=\"mini_label\" for=\"wdform_5_element_last17\">Nachname<\/label><\/div><\/div><\/div><\/div><\/div><div class=\"wdform_column\"><div wdid=\"6\" class=\"wdform_row\"><div type=\"type_submitter_mail\" class=\"wdform-field wd-width-100 wd-flex wd-flex-column\"><div class=\"wdform-label-section wd-width-100  wd-flex-row\">    <label  for=\"wdform_6_element17\" class=\"wdform-label\">Email<\/label><\/div><div class=\"wdform-element-section wd-flex  wd-flex-row wd-width-100\" ><input type=\"text\" class=\"wd-width-100\" id=\"wdform_6_element17\" name=\"wdform_6_element17\" value=\"\" title=\"\" placeholder=\"\"   onchange=\"wd_check_email('6', '17', 'Dies ist keine g\u00fcltige E-Mail-Adresse.')\" \/><\/div><\/div><\/div><div wdid=\"18\" class=\"wdform_row\"><div type=\"type_phone_new\" class=\"wdform-field wd-width-100 wd-flex wd-flex-column\"><div class=\"wdform-label-section wd-width-100 \">    <label  for=\"wdform_18_element17\" class=\"wdform-label\">Telefonnummer<\/label><\/div><div class=\"wdform-element-section wd-flex  wd-width-100\" ><input type=\"text\"                       class=\"wd-width-100\"                       id=\"wdform_18_element17\"                       name=\"wdform_18_element17\"                       value=\"\"                       placeholder=\"\"  \/><\/div><\/div><\/div><\/div><div class=\"wdform_column\"><div wdid=\"7\" class=\"wdform_row\"><div type=\"type_textarea\" class=\"wdform-field wd-width-100 wd-flex wd-flex-column\"><div class=\"wdform-label-section wd-width-100 \">    <label  for=\"wdform_7_element17\" class=\"wdform-label\">Nachricht<\/label><\/div><div class=\"wdform-element-section wd-flex  wd-width-100\" ><textarea class=\"wd-width-100\"                      id=\"wdform_7_element17\"                      name=\"wdform_7_element17\"                      placeholder=\"\"                      style=\"height: 100px;\"                      ><\/textarea><\/div><\/div><\/div><\/div><div class=\"wdform_column\"><div wdid=\"9\" class=\"wdform_row\"><div type=\"type_editor\" class=\"wdform-field\"><a href=\"https:\/\/www.schmack-biogas.com\/de\/privacy-policy\/\">Datenschutzbestimmungen der Kanadevia Inova Schmack GmbH<\/a><\/div><\/div><\/div><div class=\"wdform_column\"><div wdid=\"8\" class=\"wdform_row\"><div type=\"type_checkbox\" class=\"wdform-field wd-width-100 wd-flex wd-flex-row\"><div class=\"wdform-label-section wd-width-30  wd-flex-wrap wd-flex-column wd-hidden\">    <label  class=\"wdform-label\">Datenschutz<\/label><\/div><div class=\"wdform-element-section wd-flex  wd-flex-wrap wd-flex-column wd-width-100\" ><div class=\"wd-flex wd-flex-column\"><input type=\"hidden\" name=\"wdform_8_element17\" value=\"\" \/><div class=\"checkbox-div wd-choice wd-flex wd-flex-row\"><input type=\"checkbox\"  id=\"wdform_8_element170\" name=\"wdform_8_element170\" value=\"Ich habe die Datenschutzbestimmungen gelesen und bin damit einverstanden.\"    \/><label class=\"wd-align-items-center wd-flex wd-flex-row\" for=\"wdform_8_element170\"><span><\/span>Ich habe die Datenschutzbestimmungen gelesen und bin damit einverstanden.<\/label><\/div><\/div><\/div><\/div><\/div><\/div><div class=\"wdform_column\"><div wdid=\"1\" class=\"wdform_row\"><div type=\"type_submit_reset\" class=\"wdform-field wd-width-100 wd-flex wd-flex-column\"><div class=\"wdform-element-section wd-flex  wd-flex-row wd-justify-content-left wd-width-100\" ><button  type=\"button\" class=\"button-submit\" onclick=\"fm_submit_form('17');\"  data-ajax=\"0\"><span class=\"fm-submit-loading spinner fm-ico-spinner\"><\/span>Senden<\/button><button  type=\"button\" class=\"button-reset wd-hidden\" onclick=\"fm_reset_form(17);\" >Reset<\/button><\/div><\/div><\/div><\/div><\/div><div valign=\"top\" class=\"wdform_footer wd-width-100\"><div class=\"wd-width-100\"><div class=\"wd-width-100 wd-table\" style=\"padding-top:10px;\"><div class=\"wd-table-group\"><div id=\"17page_nav1\" class=\"wd-table-row\"><\/div><\/div><\/div><\/div><\/div><\/div><\/div><div class=\"wdform_preload\"><\/div><\/form><\/div>[\/vc_column_text][vc_empty_space height=&#8220;64px&#8220;][\/vc_column][\/vc_row][vc_row][vc_column][vc_empty_space height=&#8220;64px&#8220;][\/vc_column][\/vc_row]<\/p>\n<\/div>","protected":false},"excerpt":{"rendered":"<p>[vc_row content_width=&#8220;grid&#8220; css=&#8220;.vc_custom_1776149525477{background-image: url(https:\/\/www.schmack-biogas.com\/wp-content\/uploads\/2026\/04\/kanadevia-inova-l-webinar-header.jpg?id=11266) !important;}&#8220;][vc_column offset=&#8220;vc_hidden-lg vc_hidden-md vc_hidden-sm&#8220;][vc_empty_space height=&#8220;22px&#8220;][vc_column_text css=&#8220;&#8220;] Webinare Kurz &amp; auf den Punkt [\/vc_column_text][vc_empty_space][\/vc_column][\/vc_row][vc_row content_width=&#8220;grid&#8220;][vc_column][vc_empty_space height=&#8220;50px&#8220;][vc_empty_space][\/vc_column][\/vc_row][vc_row content_width=&#8220;grid&#8220;][vc_column][vc_column_text css=&#8220;&#8220;]&#8230;<\/p>\n","protected":false},"author":1,"featured_media":0,"parent":11227,"menu_order":1,"comment_status":"closed","ping_status":"closed","template":"full-width.php","meta":{"_acf_changed":false,"footnotes":"","_links_to":"","_links_to_target":""},"class_list":["post-11269","page","type-page","status-publish","hentry"],"acf":[],"_links":{"self":[{"href":"https:\/\/www.schmack-biogas.com\/de\/wp-json\/wp\/v2\/pages\/11269","targetHints":{"allow":["GET"]}}],"collection":[{"href":"https:\/\/www.schmack-biogas.com\/de\/wp-json\/wp\/v2\/pages"}],"about":[{"href":"https:\/\/www.schmack-biogas.com\/de\/wp-json\/wp\/v2\/types\/page"}],"author":[{"embeddable":true,"href":"https:\/\/www.schmack-biogas.com\/de\/wp-json\/wp\/v2\/users\/1"}],"replies":[{"embeddable":true,"href":"https:\/\/www.schmack-biogas.com\/de\/wp-json\/wp\/v2\/comments?post=11269"}],"version-history":[{"count":1,"href":"https:\/\/www.schmack-biogas.com\/de\/wp-json\/wp\/v2\/pages\/11269\/revisions"}],"predecessor-version":[{"id":11271,"href":"https:\/\/www.schmack-biogas.com\/de\/wp-json\/wp\/v2\/pages\/11269\/revisions\/11271"}],"up":[{"embeddable":true,"href":"https:\/\/www.schmack-biogas.com\/de\/wp-json\/wp\/v2\/pages\/11227"}],"wp:attachment":[{"href":"https:\/\/www.schmack-biogas.com\/de\/wp-json\/wp\/v2\/media?parent=11269"}],"curies":[{"name":"wp","href":"https:\/\/api.w.org\/{rel}","templated":true}]}}