{"id":5719,"date":"2020-02-26T16:24:10","date_gmt":"2020-02-26T15:24:10","guid":{"rendered":"https:\/\/hz-inova.d-f.cc\/?page_id=5719"},"modified":"2025-12-16T17:46:22","modified_gmt":"2025-12-16T16:46:22","slug":"home-hzi","status":"publish","type":"page","link":"https:\/\/www.schmack-biogas.com\/de\/","title":{"rendered":"Startseite"},"content":{"rendered":"<div class=\"wpb-content-wrapper\"><p>[vc_row content_width=&#8220;grid&#8220;][vc_column][vc_empty_space height=&#8220;1px&#8220;][\/vc_column][\/vc_row][vc_row css=&#8220;.vc_custom_1633072595184{background-color: #8fd40a !important;}&#8220;][vc_column width=&#8220;1\/3&#8243; offset=&#8220;vc_hidden-lg vc_hidden-md vc_hidden-sm vc_hidden-xs&#8220;][vc_column_text css=&#8220;.vc_custom_1633073016442{padding-top: 30px !important;padding-right: 30px !important;padding-bottom: 30px !important;padding-left: 30px !important;background-color: #8fd40a !important;}&#8220;]<\/p>\n<h3><span style=\"color: #ffffff;\">Wir sind weiter Schmack.<br \/>\nUnd geh\u00f6ren jetzt zur HZI-Gruppe.<\/span><\/h3>\n<p>[\/vc_column_text][\/vc_column][vc_column width=&#8220;2\/3&#8243; offset=&#8220;vc_hidden-lg vc_hidden-md vc_hidden-sm vc_hidden-xs&#8220;][vc_empty_space height=&#8220;12px&#8220;][vc_column_text css=&#8220;.vc_custom_1648712160629{padding-top: 30px !important;padding-right: 30px !important;padding-bottom: 30px !important;padding-left: 30px !important;background-color: #8fd40a !important;}&#8220;]<\/p>\n<h4><span style=\"color: #ffffff;\">F\u00fcr allf\u00e4llige Fragen wenden Sie sich an Ihren bew\u00e4hrten Ansprechpartner oder kontaktieren Sie uns via<\/span> <a href=\"mailto:info.schmack@kanadevia-inova.com\" target=\"_blank\" rel=\"noopener\"><span style=\"color: #ffffff;\">info.schmack@kanadevia-inova.com<\/span><\/a><span style=\"color: #ffffff;\">.<\/span><\/h4>\n<p>[\/vc_column_text][\/vc_column][\/vc_row][vc_row content_width=&#8220;grid&#8220;][vc_column offset=&#8220;vc_hidden-lg vc_hidden-md vc_hidden-sm vc_hidden-xs&#8220;][vc_empty_space height=&#8220;3px&#8220;][\/vc_column][\/vc_row][vc_row][vc_column offset=&#8220;vc_hidden-xs&#8220;]<div class = \"qodef-portfolio-list-holder-outer qodef-ptf-gallery qodef-ptf-gallery-space qodef-ptf-four-columns\" data-next-page= 2 data-type= gallery-space data-columns= four data-order-by= menu_order data-order= ASC data-number= 4 data-filter= no data-filter-order-by= name data-category= home data-show-load-more= no data-title-tag= h5 data-max-num-pages = 1><div class = \"qodef-portfolio-list-holder clearfix\" >\n<article class=\"qodef-portfolio-item mix portfolio_category_99\" >\n\t<a class =\"qodef-portfolio-link\" href=\"\/anlagenbau\/\" target=\"_self\"><\/a>\n\t<div class = \"qodef-item-image-holder\">\n\t<div class=\"qodef-portfolio-shader\"><\/div>\t\n\t<img loading=\"lazy\" decoding=\"async\" width=\"480\" height=\"600\" src=\"https:\/\/www.schmack-biogas.com\/wp-content\/uploads\/2020\/02\/anlagenbau.jpg\" class=\"attachment-qode_startit_landscape size-qode_startit_landscape wp-post-image\" alt=\"\" \/>\t\t\t\t\n\t<\/div>\n\t<div class=\"qodef-item-text-overlay\">\n\t\t<div class=\"qodef-item-text-overlay-inner\">\n\t\t\t<div class=\"qodef-item-text-holder\">\n\t\t\t\t<h5 class=\"qodef-item-title\">\n\t\t\t\t\tAnlagenbau\t\t\t\t<\/h5>\t\n\t\t\t\t<div class=\"qodef-ptf-category-holder\"><span>Mehr erfahren ...<\/span><\/div>\t\t\t<\/div>\n\t\t<\/div>\t\n\t<\/div>\n<\/article>\n\n\n<article class=\"qodef-portfolio-item mix portfolio_category_99\" >\n\t<a class =\"qodef-portfolio-link\" href=\"\/repowering\/\" target=\"_self\"><\/a>\n\t<div class = \"qodef-item-image-holder\">\n\t<div class=\"qodef-portfolio-shader\"><\/div>\t\n\t<img loading=\"lazy\" decoding=\"async\" width=\"480\" height=\"600\" src=\"https:\/\/www.schmack-biogas.com\/wp-content\/uploads\/2020\/02\/repowering-kanadevia-inova.jpg\" class=\"attachment-qode_startit_landscape size-qode_startit_landscape wp-post-image\" alt=\"\" \/>\t\t\t\t\n\t<\/div>\n\t<div class=\"qodef-item-text-overlay\">\n\t\t<div class=\"qodef-item-text-overlay-inner\">\n\t\t\t<div class=\"qodef-item-text-holder\">\n\t\t\t\t<h5 class=\"qodef-item-title\">\n\t\t\t\t\tRepowering\t\t\t\t<\/h5>\t\n\t\t\t\t<div class=\"qodef-ptf-category-holder\"><span>Mehr erfahren ...<\/span><\/div>\t\t\t<\/div>\n\t\t<\/div>\t\n\t<\/div>\n<\/article>\n\n\n<article class=\"qodef-portfolio-item mix portfolio_category_99\" >\n\t<a class =\"qodef-portfolio-link\" href=\"\/komponenten\/\" target=\"_self\"><\/a>\n\t<div class = \"qodef-item-image-holder\">\n\t<div class=\"qodef-portfolio-shader\"><\/div>\t\n\t<img loading=\"lazy\" decoding=\"async\" width=\"480\" height=\"600\" src=\"https:\/\/www.schmack-biogas.com\/wp-content\/uploads\/2020\/02\/komponenten.jpg\" class=\"attachment-qode_startit_landscape size-qode_startit_landscape wp-post-image\" alt=\"\" \/>\t\t\t\t\n\t<\/div>\n\t<div class=\"qodef-item-text-overlay\">\n\t\t<div class=\"qodef-item-text-overlay-inner\">\n\t\t\t<div class=\"qodef-item-text-holder\">\n\t\t\t\t<h5 class=\"qodef-item-title\">\n\t\t\t\t\tKomponenten\t\t\t\t<\/h5>\t\n\t\t\t\t<div class=\"qodef-ptf-category-holder\"><span>Mehr erfahren ...<\/span><\/div>\t\t\t<\/div>\n\t\t<\/div>\t\n\t<\/div>\n<\/article>\n\n\n<article class=\"qodef-portfolio-item mix portfolio_category_99\" >\n\t<a class =\"qodef-portfolio-link\" href=\"\/technischer-service\/\" target=\"_self\"><\/a>\n\t<div class = \"qodef-item-image-holder\">\n\t<div class=\"qodef-portfolio-shader\"><\/div>\t\n\t<img loading=\"lazy\" decoding=\"async\" width=\"480\" height=\"600\" src=\"https:\/\/www.schmack-biogas.com\/wp-content\/uploads\/2020\/02\/technischer-service.jpg\" class=\"attachment-qode_startit_landscape size-qode_startit_landscape wp-post-image\" alt=\"\" \/>\t\t\t\t\n\t<\/div>\n\t<div class=\"qodef-item-text-overlay\">\n\t\t<div class=\"qodef-item-text-overlay-inner\">\n\t\t\t<div class=\"qodef-item-text-holder\">\n\t\t\t\t<h5 class=\"qodef-item-title\">\n\t\t\t\t\tService\t\t\t\t<\/h5>\t\n\t\t\t\t<div class=\"qodef-ptf-category-holder\"><span>Mehr erfahren ...<\/span><\/div>\t\t\t<\/div>\n\t\t<\/div>\t\n\t<\/div>\n<\/article>\n\n<div class='qodef-filler'><\/div>\n<div class='qodef-filler'><\/div>\n<div class='qodef-filler'><\/div>\n<div class='qodef-filler'><\/div>\n<\/div><\/div>[vc_empty_space][vc_column_text]<\/p>\n<h2 style=\"text-align: center;\">Pionier der Biogasbranche.<\/h2>\n<p>[\/vc_column_text][vc_empty_space][\/vc_column][\/vc_row][vc_row][vc_column offset=&#8220;vc_hidden-lg vc_hidden-md vc_hidden-sm&#8220;]<div class = \"qodef-portfolio-list-holder-outer qodef-ptf-gallery qodef-portfolio-slider-holder\" data-next-page= 2 data-type= gallery data-columns= three data-order-by= menu_order data-order= ASC data-number= -1 data-filter= no data-filter-order-by= name data-category= home data-show-load-more= no data-title-tag= h4 data-items=  data-max-num-pages = 0><div class = \"qodef-portfolio-list-holder clearfix\" ><article class=\"qodef-portfolio-item mix portfolio_category_99\" >\n\t<a class =\"qodef-portfolio-link\" href=\"\/anlagenbau\/\" target=\"_self\"><\/a>\n\t<div class = \"qodef-item-image-holder\">\n\t<div class=\"qodef-portfolio-shader\"><\/div>\t\n\t<img loading=\"lazy\" decoding=\"async\" width=\"480\" height=\"600\" src=\"https:\/\/www.schmack-biogas.com\/wp-content\/uploads\/2020\/02\/anlagenbau.jpg\" class=\"attachment-qode_startit_landscape size-qode_startit_landscape wp-post-image\" alt=\"\" \/>\t\t\t\t\n\t<\/div>\n\t<div class=\"qodef-item-text-overlay\">\n\t\t<div class=\"qodef-item-text-overlay-inner\">\n\t\t\t<div class=\"qodef-item-text-holder\">\n\t\t\t\t<h4 class=\"qodef-item-title\">\n\t\t\t\t\tAnlagenbau\t\t\t\t<\/h4>\t\n\t\t\t\t<div class=\"qodef-ptf-category-holder\"><span>Mehr erfahren ...<\/span><\/div>\t\t\t<\/div>\n\t\t<\/div>\t\n\t<\/div>\n<\/article>\n<article class=\"qodef-portfolio-item mix portfolio_category_99\" >\n\t<a class =\"qodef-portfolio-link\" href=\"\/repowering\/\" target=\"_self\"><\/a>\n\t<div class = \"qodef-item-image-holder\">\n\t<div class=\"qodef-portfolio-shader\"><\/div>\t\n\t<img loading=\"lazy\" decoding=\"async\" width=\"480\" height=\"600\" src=\"https:\/\/www.schmack-biogas.com\/wp-content\/uploads\/2020\/02\/repowering-kanadevia-inova.jpg\" class=\"attachment-qode_startit_landscape size-qode_startit_landscape wp-post-image\" alt=\"\" \/>\t\t\t\t\n\t<\/div>\n\t<div class=\"qodef-item-text-overlay\">\n\t\t<div class=\"qodef-item-text-overlay-inner\">\n\t\t\t<div class=\"qodef-item-text-holder\">\n\t\t\t\t<h4 class=\"qodef-item-title\">\n\t\t\t\t\tRepowering\t\t\t\t<\/h4>\t\n\t\t\t\t<div class=\"qodef-ptf-category-holder\"><span>Mehr erfahren ...<\/span><\/div>\t\t\t<\/div>\n\t\t<\/div>\t\n\t<\/div>\n<\/article>\n<article class=\"qodef-portfolio-item mix portfolio_category_99\" >\n\t<a class =\"qodef-portfolio-link\" href=\"\/komponenten\/\" target=\"_self\"><\/a>\n\t<div class = \"qodef-item-image-holder\">\n\t<div class=\"qodef-portfolio-shader\"><\/div>\t\n\t<img loading=\"lazy\" decoding=\"async\" width=\"480\" height=\"600\" src=\"https:\/\/www.schmack-biogas.com\/wp-content\/uploads\/2020\/02\/komponenten.jpg\" class=\"attachment-qode_startit_landscape size-qode_startit_landscape wp-post-image\" alt=\"\" \/>\t\t\t\t\n\t<\/div>\n\t<div class=\"qodef-item-text-overlay\">\n\t\t<div class=\"qodef-item-text-overlay-inner\">\n\t\t\t<div class=\"qodef-item-text-holder\">\n\t\t\t\t<h4 class=\"qodef-item-title\">\n\t\t\t\t\tKomponenten\t\t\t\t<\/h4>\t\n\t\t\t\t<div class=\"qodef-ptf-category-holder\"><span>Mehr erfahren ...<\/span><\/div>\t\t\t<\/div>\n\t\t<\/div>\t\n\t<\/div>\n<\/article>\n<article class=\"qodef-portfolio-item mix portfolio_category_99\" >\n\t<a class =\"qodef-portfolio-link\" href=\"\/technischer-service\/\" target=\"_self\"><\/a>\n\t<div class = \"qodef-item-image-holder\">\n\t<div class=\"qodef-portfolio-shader\"><\/div>\t\n\t<img loading=\"lazy\" decoding=\"async\" width=\"480\" height=\"600\" src=\"https:\/\/www.schmack-biogas.com\/wp-content\/uploads\/2020\/02\/technischer-service.jpg\" class=\"attachment-qode_startit_landscape size-qode_startit_landscape wp-post-image\" alt=\"\" \/>\t\t\t\t\n\t<\/div>\n\t<div class=\"qodef-item-text-overlay\">\n\t\t<div class=\"qodef-item-text-overlay-inner\">\n\t\t\t<div class=\"qodef-item-text-holder\">\n\t\t\t\t<h4 class=\"qodef-item-title\">\n\t\t\t\t\tService\t\t\t\t<\/h4>\t\n\t\t\t\t<div class=\"qodef-ptf-category-holder\"><span>Mehr erfahren ...<\/span><\/div>\t\t\t<\/div>\n\t\t<\/div>\t\n\t<\/div>\n<\/article>\n<\/div><\/div>[\/vc_column][\/vc_row][vc_row content_width=&#8220;grid&#8220;][vc_column width=&#8220;1\/2&#8243;][vc_column_text]Die Gewinnung von wertvoller, erneuerbarer Energie aus Abfallstoffen ist unser Kerngesch\u00e4ft. Und um dieses dreht sich unser reichhaltiges Dienstleistungsangebot, das sich von der Projektentwicklung, \u00fcber den Bau von Gesamtanlagen und Systeml\u00f6sungen bis hin zur Spezialanfertigung von Ersatzteilen erstreckt. Gemeinsam mit unseren Kunden realisieren wir zukunftsweisende Projekte \u2013 und zwar mit dem allerh\u00f6chsten Qualit\u00e4tsstandard, speditiv und zuverl\u00e4ssig. Vergewissern Sie sich selbst.[\/vc_column_text][\/vc_column][vc_column width=&#8220;1\/2&#8243;][vc_single_image image=&#8220;10968&#8243; img_size=&#8220;full&#8220; onclick=&#8220;custom_link&#8220; img_link_target=&#8220;_blank&#8220; link=&#8220;https:\/\/www.kanadevia-inova.com\/renaming&#8220;][\/vc_column][\/vc_row][vc_row content_width=&#8220;grid&#8220;][vc_column][vc_empty_space][\/vc_column][\/vc_row][vc_row content_width=&#8220;grid&#8220;][vc_column]<div class=\"qodef-separator-holder clearfix  qodef-separator-center\">\n\t<div class=\"qodef-separator\" style=\"border-color: #c1c1c1\"><\/div>\n<\/div>\n[\/vc_column][\/vc_row][vc_row content_width=&#8220;grid&#8220;][vc_column offset=&#8220;vc_hidden-md vc_hidden-sm vc_hidden-xs&#8220;][vc_text_separator title=&#8220;Aktuelles&#8220; title_align=&#8220;separator_align_left&#8220;][vc_empty_space][vc_column_text]<div id=\"upl-list-9137\" class=\"upl-list\">\n<ul>\n<li><div class=\"upl-post-thumbnail\"><a href=\"https:\/\/www.schmack-biogas.com\/de\/watt-dor-award-for-power-to-gas-project-featuring-hzi-technology\/\"><img loading=\"lazy\" decoding=\"async\" width=\"260\" height=\"190\" src=\"https:\/\/www.schmack-biogas.com\/wp-content\/uploads\/2023\/01\/Watt-dOr_Energietechnologien_Limeco_Foto_BFE-thumb.jpg\" class=\"attachment-260x193 size-260x193 wp-post-image\" alt=\"\" srcset=\"https:\/\/www.schmack-biogas.com\/wp-content\/uploads\/2023\/01\/Watt-dOr_Energietechnologien_Limeco_Foto_BFE-thumb.jpg 1920w, https:\/\/www.schmack-biogas.com\/wp-content\/uploads\/2023\/01\/Watt-dOr_Energietechnologien_Limeco_Foto_BFE-thumb-800x585.jpg 800w, https:\/\/www.schmack-biogas.com\/wp-content\/uploads\/2023\/01\/Watt-dOr_Energietechnologien_Limeco_Foto_BFE-thumb-768x561.jpg 768w, https:\/\/www.schmack-biogas.com\/wp-content\/uploads\/2023\/01\/Watt-dOr_Energietechnologien_Limeco_Foto_BFE-thumb-1536x1122.jpg 1536w\" sizes=\"auto, (max-width: 260px) 100vw, 260px\" \/><\/a><\/div><div class=\"upl-post-title\"><a href=\"https:\/\/www.schmack-biogas.com\/de\/watt-dor-award-for-power-to-gas-project-featuring-hzi-technology\/\">Watt d\u2019Or-Auszeichnung f\u00fcr Power-to-Gas-Projekt mit Kanadevia Inova-Technologie<\/a><\/div><div class=\"upl-post-date\">31-01-2023<\/div><div class=\"upl-post-excerpt\">Kanadevia Inova informiert bundesweit \u00fcber eintr\u00e4gliche M\u00f6glichkeiten rund ums Thema Biogas<\/div><\/li>\n<li><div class=\"upl-post-thumbnail\"><a href=\"https:\/\/www.schmack-biogas.com\/de\/aus-mist-mause-machen-biogas-roadshow-zeigt-wies-geht\/\"><img loading=\"lazy\" decoding=\"async\" width=\"260\" height=\"190\" src=\"https:\/\/www.schmack-biogas.com\/wp-content\/uploads\/2023\/01\/mist-maeuse-kanadevia-inova.jpg\" class=\"attachment-260x193 size-260x193 wp-post-image\" alt=\"\" srcset=\"https:\/\/www.schmack-biogas.com\/wp-content\/uploads\/2023\/01\/mist-maeuse-kanadevia-inova.jpg 860w, https:\/\/www.schmack-biogas.com\/wp-content\/uploads\/2023\/01\/mist-maeuse-kanadevia-inova-800x584.jpg 800w, https:\/\/www.schmack-biogas.com\/wp-content\/uploads\/2023\/01\/mist-maeuse-kanadevia-inova-768x561.jpg 768w\" sizes=\"auto, (max-width: 260px) 100vw, 260px\" \/><\/a><\/div><div class=\"upl-post-title\"><a href=\"https:\/\/www.schmack-biogas.com\/de\/aus-mist-mause-machen-biogas-roadshow-zeigt-wies-geht\/\">Aus Mist M\u00e4use machen \u2013 Biogas-Roadshow zeigt, wie\u2019s geht<\/a><\/div><div class=\"upl-post-date\">24-01-2023<\/div><div class=\"upl-post-excerpt\">Kanadevia Inova informiert bundesweit \u00fcber eintr\u00e4gliche M\u00f6glichkeiten rund ums Thema Biogas<\/div><\/li>\n<li><div class=\"upl-post-thumbnail\"><a href=\"https:\/\/www.schmack-biogas.com\/de\/positive-bilanz-bei-hzi-schmack-nach-einem-jahr-ubernahme-entwickelt-sich-zur-erfolgsstory\/\"><img loading=\"lazy\" decoding=\"async\" width=\"260\" height=\"181\" src=\"https:\/\/www.schmack-biogas.com\/wp-content\/uploads\/2022\/10\/Manuel_Goetz-1920x1338-Kanadevia-Inova.jpg\" class=\"attachment-260x193 size-260x193 wp-post-image\" alt=\"\" srcset=\"https:\/\/www.schmack-biogas.com\/wp-content\/uploads\/2022\/10\/Manuel_Goetz-1920x1338-Kanadevia-Inova.jpg 1920w, https:\/\/www.schmack-biogas.com\/wp-content\/uploads\/2022\/10\/Manuel_Goetz-1920x1338-Kanadevia-Inova-800x558.jpg 800w, https:\/\/www.schmack-biogas.com\/wp-content\/uploads\/2022\/10\/Manuel_Goetz-1920x1338-Kanadevia-Inova-768x535.jpg 768w, https:\/\/www.schmack-biogas.com\/wp-content\/uploads\/2022\/10\/Manuel_Goetz-1920x1338-Kanadevia-Inova-1536x1070.jpg 1536w\" sizes=\"auto, (max-width: 260px) 100vw, 260px\" \/><\/a><\/div><div class=\"upl-post-title\"><a href=\"https:\/\/www.schmack-biogas.com\/de\/positive-bilanz-bei-hzi-schmack-nach-einem-jahr-ubernahme-entwickelt-sich-zur-erfolgsstory\/\">Positive Bilanz bei Kanadevia Inova Schmack nach einem Jahr: \u201e\u00dcbernahme entwickelt sich zur Erfolgsstory\u201c<\/a><\/div><div class=\"upl-post-date\">10-10-2022<\/div><div class=\"upl-post-excerpt\">Seit einem Jahr geh\u00f6ren Schmack Biogas Service und microbEnergy nun zum schweizerisch-japanischen Green-Tech-Unternehmen Kanadevia Inova . Inzwischen firmieren die zwei Traditionsmarken aus Schwandorf unter Kanadevia Inova Schmack GmbH (Kanadevia Inova Schmack) und sehen sich im Branchenumfeld der erneuerbaren Energien und f\u00fcr die verst\u00e4rkte Nachfrage nach Biogas bestens aufgestellt.<\/div><\/li>\n<li><div class=\"upl-post-thumbnail\"><a href=\"https:\/\/www.schmack-biogas.com\/de\/einweihung-der-ersten-industriellen-power-to-gas-anlage-der-schweiz\/\"><img loading=\"lazy\" decoding=\"async\" width=\"260\" height=\"172\" src=\"https:\/\/www.schmack-biogas.com\/wp-content\/uploads\/2022\/05\/Limeco-PtG-Anlage-in-Dietikon-teaser.jpg\" class=\"attachment-260x193 size-260x193 wp-post-image\" alt=\"\" srcset=\"https:\/\/www.schmack-biogas.com\/wp-content\/uploads\/2022\/05\/Limeco-PtG-Anlage-in-Dietikon-teaser.jpg 1920w, https:\/\/www.schmack-biogas.com\/wp-content\/uploads\/2022\/05\/Limeco-PtG-Anlage-in-Dietikon-teaser-800x530.jpg 800w, https:\/\/www.schmack-biogas.com\/wp-content\/uploads\/2022\/05\/Limeco-PtG-Anlage-in-Dietikon-teaser-768x509.jpg 768w, https:\/\/www.schmack-biogas.com\/wp-content\/uploads\/2022\/05\/Limeco-PtG-Anlage-in-Dietikon-teaser-1536x1018.jpg 1536w\" sizes=\"auto, (max-width: 260px) 100vw, 260px\" \/><\/a><\/div><div class=\"upl-post-title\"><a href=\"https:\/\/www.schmack-biogas.com\/de\/einweihung-der-ersten-industriellen-power-to-gas-anlage-der-schweiz\/\">Einweihung der ersten industriellen Power-to-Gas-Anlage der Schweiz<\/a><\/div><div class=\"upl-post-date\">04-05-2022<\/div><div class=\"upl-post-excerpt\">Die Power-to-Gas-Anlage mit biologischer Methanisierung im z\u00fcrcherischen Dietikon produziert seit diesem M\u00e4rz gr\u00fcnes Gas aus Abwasser und Abfall.<\/div><\/li>\n<\/ul>\n<\/div>\n[\/vc_column_text][\/vc_column][\/vc_row][vc_row content_width=&#8220;grid&#8220;][vc_column offset=&#8220;vc_hidden-lg&#8220;][vc_text_separator title=&#8220;Aktuelles&#8220; title_align=&#8220;separator_align_left&#8220;][vc_empty_space][vc_column_text]<div id=\"upl-list-9137\" class=\"upl-list\">\n<ul>\n<li><div class=\"upl-post-thumbnail\"><a href=\"https:\/\/www.schmack-biogas.com\/de\/watt-dor-award-for-power-to-gas-project-featuring-hzi-technology\/\"><img loading=\"lazy\" decoding=\"async\" width=\"260\" height=\"190\" src=\"https:\/\/www.schmack-biogas.com\/wp-content\/uploads\/2023\/01\/Watt-dOr_Energietechnologien_Limeco_Foto_BFE-thumb.jpg\" class=\"attachment-260x193 size-260x193 wp-post-image\" alt=\"\" srcset=\"https:\/\/www.schmack-biogas.com\/wp-content\/uploads\/2023\/01\/Watt-dOr_Energietechnologien_Limeco_Foto_BFE-thumb.jpg 1920w, https:\/\/www.schmack-biogas.com\/wp-content\/uploads\/2023\/01\/Watt-dOr_Energietechnologien_Limeco_Foto_BFE-thumb-800x585.jpg 800w, https:\/\/www.schmack-biogas.com\/wp-content\/uploads\/2023\/01\/Watt-dOr_Energietechnologien_Limeco_Foto_BFE-thumb-768x561.jpg 768w, https:\/\/www.schmack-biogas.com\/wp-content\/uploads\/2023\/01\/Watt-dOr_Energietechnologien_Limeco_Foto_BFE-thumb-1536x1122.jpg 1536w\" sizes=\"auto, (max-width: 260px) 100vw, 260px\" \/><\/a><\/div><div class=\"upl-post-title\"><a href=\"https:\/\/www.schmack-biogas.com\/de\/watt-dor-award-for-power-to-gas-project-featuring-hzi-technology\/\">Watt d\u2019Or-Auszeichnung f\u00fcr Power-to-Gas-Projekt mit Kanadevia Inova-Technologie<\/a><\/div><div class=\"upl-post-date\">31-01-2023<\/div><div class=\"upl-post-excerpt\">Kanadevia Inova informiert bundesweit \u00fcber eintr\u00e4gliche M\u00f6glichkeiten rund ums Thema Biogas<\/div><\/li>\n<li><div class=\"upl-post-thumbnail\"><a href=\"https:\/\/www.schmack-biogas.com\/de\/aus-mist-mause-machen-biogas-roadshow-zeigt-wies-geht\/\"><img loading=\"lazy\" decoding=\"async\" width=\"260\" height=\"190\" src=\"https:\/\/www.schmack-biogas.com\/wp-content\/uploads\/2023\/01\/mist-maeuse-kanadevia-inova.jpg\" class=\"attachment-260x193 size-260x193 wp-post-image\" alt=\"\" srcset=\"https:\/\/www.schmack-biogas.com\/wp-content\/uploads\/2023\/01\/mist-maeuse-kanadevia-inova.jpg 860w, https:\/\/www.schmack-biogas.com\/wp-content\/uploads\/2023\/01\/mist-maeuse-kanadevia-inova-800x584.jpg 800w, https:\/\/www.schmack-biogas.com\/wp-content\/uploads\/2023\/01\/mist-maeuse-kanadevia-inova-768x561.jpg 768w\" sizes=\"auto, (max-width: 260px) 100vw, 260px\" \/><\/a><\/div><div class=\"upl-post-title\"><a href=\"https:\/\/www.schmack-biogas.com\/de\/aus-mist-mause-machen-biogas-roadshow-zeigt-wies-geht\/\">Aus Mist M\u00e4use machen \u2013 Biogas-Roadshow zeigt, wie\u2019s geht<\/a><\/div><div class=\"upl-post-date\">24-01-2023<\/div><div class=\"upl-post-excerpt\">Kanadevia Inova informiert bundesweit \u00fcber eintr\u00e4gliche M\u00f6glichkeiten rund ums Thema Biogas<\/div><\/li>\n<li><div class=\"upl-post-thumbnail\"><a href=\"https:\/\/www.schmack-biogas.com\/de\/positive-bilanz-bei-hzi-schmack-nach-einem-jahr-ubernahme-entwickelt-sich-zur-erfolgsstory\/\"><img loading=\"lazy\" decoding=\"async\" width=\"260\" height=\"181\" src=\"https:\/\/www.schmack-biogas.com\/wp-content\/uploads\/2022\/10\/Manuel_Goetz-1920x1338-Kanadevia-Inova.jpg\" class=\"attachment-260x193 size-260x193 wp-post-image\" alt=\"\" srcset=\"https:\/\/www.schmack-biogas.com\/wp-content\/uploads\/2022\/10\/Manuel_Goetz-1920x1338-Kanadevia-Inova.jpg 1920w, https:\/\/www.schmack-biogas.com\/wp-content\/uploads\/2022\/10\/Manuel_Goetz-1920x1338-Kanadevia-Inova-800x558.jpg 800w, https:\/\/www.schmack-biogas.com\/wp-content\/uploads\/2022\/10\/Manuel_Goetz-1920x1338-Kanadevia-Inova-768x535.jpg 768w, https:\/\/www.schmack-biogas.com\/wp-content\/uploads\/2022\/10\/Manuel_Goetz-1920x1338-Kanadevia-Inova-1536x1070.jpg 1536w\" sizes=\"auto, (max-width: 260px) 100vw, 260px\" \/><\/a><\/div><div class=\"upl-post-title\"><a href=\"https:\/\/www.schmack-biogas.com\/de\/positive-bilanz-bei-hzi-schmack-nach-einem-jahr-ubernahme-entwickelt-sich-zur-erfolgsstory\/\">Positive Bilanz bei Kanadevia Inova Schmack nach einem Jahr: \u201e\u00dcbernahme entwickelt sich zur Erfolgsstory\u201c<\/a><\/div><div class=\"upl-post-date\">10-10-2022<\/div><div class=\"upl-post-excerpt\">Seit einem Jahr geh\u00f6ren Schmack Biogas Service und microbEnergy nun zum schweizerisch-japanischen Green-Tech-Unternehmen Kanadevia Inova . Inzwischen firmieren die zwei Traditionsmarken aus Schwandorf unter Kanadevia Inova Schmack GmbH (Kanadevia Inova Schmack) und sehen sich im Branchenumfeld der erneuerbaren Energien und f\u00fcr die verst\u00e4rkte Nachfrage nach Biogas bestens aufgestellt.<\/div><\/li>\n<li><div class=\"upl-post-thumbnail\"><a href=\"https:\/\/www.schmack-biogas.com\/de\/einweihung-der-ersten-industriellen-power-to-gas-anlage-der-schweiz\/\"><img loading=\"lazy\" decoding=\"async\" width=\"260\" height=\"172\" src=\"https:\/\/www.schmack-biogas.com\/wp-content\/uploads\/2022\/05\/Limeco-PtG-Anlage-in-Dietikon-teaser.jpg\" class=\"attachment-260x193 size-260x193 wp-post-image\" alt=\"\" srcset=\"https:\/\/www.schmack-biogas.com\/wp-content\/uploads\/2022\/05\/Limeco-PtG-Anlage-in-Dietikon-teaser.jpg 1920w, https:\/\/www.schmack-biogas.com\/wp-content\/uploads\/2022\/05\/Limeco-PtG-Anlage-in-Dietikon-teaser-800x530.jpg 800w, https:\/\/www.schmack-biogas.com\/wp-content\/uploads\/2022\/05\/Limeco-PtG-Anlage-in-Dietikon-teaser-768x509.jpg 768w, https:\/\/www.schmack-biogas.com\/wp-content\/uploads\/2022\/05\/Limeco-PtG-Anlage-in-Dietikon-teaser-1536x1018.jpg 1536w\" sizes=\"auto, (max-width: 260px) 100vw, 260px\" \/><\/a><\/div><div class=\"upl-post-title\"><a href=\"https:\/\/www.schmack-biogas.com\/de\/einweihung-der-ersten-industriellen-power-to-gas-anlage-der-schweiz\/\">Einweihung der ersten industriellen Power-to-Gas-Anlage der Schweiz<\/a><\/div><div class=\"upl-post-date\">04-05-2022<\/div><div class=\"upl-post-excerpt\">Die Power-to-Gas-Anlage mit biologischer Methanisierung im z\u00fcrcherischen Dietikon produziert seit diesem M\u00e4rz gr\u00fcnes Gas aus Abwasser und Abfall.<\/div><\/li>\n<\/ul>\n<\/div>\n[\/vc_column_text][vc_text_separator title=&#8220;Aktueller Event&#8220; title_align=&#8220;separator_align_left&#8220;][vc_empty_space][vc_column_text]<div id=\"upl-list-9139\" class=\"upl-list\">\n<p>Keine Beitr\u00e4ge gefunden.<\/p>\n<\/div>\n[\/vc_column_text][\/vc_column][\/vc_row][vc_row content_width=&#8220;grid&#8220;][vc_column][vc_empty_space height=&#8220;10px&#8220;][vc_column_text]<\/p>\n<p style=\"text-align: right;\"><a href=\"\/presse-service\/\">Mehr News<\/a><\/p>\n<p>[\/vc_column_text][\/vc_column][\/vc_row][vc_row content_width=&#8220;grid&#8220;][vc_column][vc_empty_space height=&#8220;100px&#8220;][\/vc_column][\/vc_row]<\/p>\n<\/div>","protected":false},"excerpt":{"rendered":"<p>[vc_row content_width=&#8220;grid&#8220;][vc_column][vc_empty_space height=&#8220;1px&#8220;][\/vc_column][\/vc_row][vc_row css=&#8220;.vc_custom_1633072595184{background-color: #8fd40a !important;}&#8220;][vc_column width=&#8220;1\/3&#8243; offset=&#8220;vc_hidden-lg vc_hidden-md vc_hidden-sm vc_hidden-xs&#8220;][vc_column_text css=&#8220;.vc_custom_1633073016442{padding-top: 30px !important;padding-right: 30px !important;padding-bottom: 30px !important;padding-left: 30px !important;background-color: #8fd40a&#8230;<\/p>\n","protected":false},"author":1,"featured_media":0,"parent":0,"menu_order":0,"comment_status":"closed","ping_status":"closed","template":"full-width.php","meta":{"_acf_changed":false,"footnotes":"","_links_to":"","_links_to_target":""},"class_list":["post-5719","page","type-page","status-publish","hentry"],"acf":[],"_links":{"self":[{"href":"https:\/\/www.schmack-biogas.com\/de\/wp-json\/wp\/v2\/pages\/5719","targetHints":{"allow":["GET"]}}],"collection":[{"href":"https:\/\/www.schmack-biogas.com\/de\/wp-json\/wp\/v2\/pages"}],"about":[{"href":"https:\/\/www.schmack-biogas.com\/de\/wp-json\/wp\/v2\/types\/page"}],"author":[{"embeddable":true,"href":"https:\/\/www.schmack-biogas.com\/de\/wp-json\/wp\/v2\/users\/1"}],"replies":[{"embeddable":true,"href":"https:\/\/www.schmack-biogas.com\/de\/wp-json\/wp\/v2\/comments?post=5719"}],"version-history":[{"count":16,"href":"https:\/\/www.schmack-biogas.com\/de\/wp-json\/wp\/v2\/pages\/5719\/revisions"}],"predecessor-version":[{"id":10465,"href":"https:\/\/www.schmack-biogas.com\/de\/wp-json\/wp\/v2\/pages\/5719\/revisions\/10465"}],"wp:attachment":[{"href":"https:\/\/www.schmack-biogas.com\/de\/wp-json\/wp\/v2\/media?parent=5719"}],"curies":[{"name":"wp","href":"https:\/\/api.w.org\/{rel}","templated":true}]}}