{"id":5927,"date":"2020-06-12T16:40:34","date_gmt":"2020-06-12T14:40:34","guid":{"rendered":"https:\/\/hz-inova.d-f.cc\/?page_id=5927"},"modified":"2024-10-03T11:41:26","modified_gmt":"2024-10-03T09:41:26","slug":"imprint","status":"publish","type":"page","link":"https:\/\/www.schmack-biogas.com\/de\/imprint\/","title":{"rendered":"Impressum und rechtliche Hinweise"},"content":{"rendered":"<div class=\"wpb-content-wrapper\"><p>[vc_row][vc_column width=&#8220;2\/3&#8243;][vc_column_text]Herausgeber:<\/p>\n<p>Kanadevia Inova Schmack GmbH<br \/>\nBayernwerk 8<br \/>\n92421 Schwandorf<\/p>\n<p>Telefon: +49 9431 751-0<br \/>\nTelefax: +49 9431 751- 204<br \/>\nE-Mail:\u00a0<a href=\"mailto:info.schmack@kanadevia-inova.com\">info.schmack@kanadevia-inova.com<\/a><\/p>\n<p><strong>Gesch\u00e4ftsf\u00fchrer<br \/>\n<\/strong>Manuel G\u00f6tz<br \/>\nRobert Mundt<\/p>\n<p><strong>Eingetragener Sitz des Unternehmens<\/strong><strong><br \/>\n<\/strong>Schwandorf<\/p>\n<p><strong>Handelsregister<\/strong><strong><br \/>\n<\/strong>Amtsgericht Amberg \u2013 Register-Nr. HRB 7406<\/p>\n<p><strong>USt.-ID-Nummer<\/strong><strong><br \/>\n<\/strong>DE268625581<\/p>\n<p><strong>Information zur Streitbeilegung vor Verbraucherschlichtungsstellen<\/strong><strong><br \/>\n<\/strong>Kanadevia Inova Schmack nimmt nicht an einem Streitbeilegungsverfahren vor einer Verbraucherschlichtungsstelle teil und ist auch nicht hierzu verpflichtet.<\/p>\n<p>Die Kanadevia Inova Schmack Websites wurden mit gr\u00f6\u00dftm\u00f6glicher Sorgfalt zusammengestellt. Trotzdem kann Kanadevia Inova Schmack f\u00fcr die Fehlerfreiheit und Genauigkeit der enthaltenen Informationen nicht garantieren. Jegliche Haftung f\u00fcr Sch\u00e4den ist ausgeschlossen, soweit diese nicht auf Vorsatz oder grober Fahrl\u00e4ssigkeit von Kanadevia Inova Schmack beruhen.<\/p>\n<p>Kanadevia Inova Schmack beh\u00e4lt sich das Recht vor, den Inhalt ihrer Websites jederzeit nach freiem Ermessen und ohne vorherige Ank\u00fcndigung zu \u00e4ndern.<\/p>\n<p>Die Kanadevia Inova Schmack Websites enthalten Links zu anderen Websites. Kanadevia Inova Schmack ist f\u00fcr die Datenschutzstrategie und den Inhalt dieser Websites nicht verantwortlich.<\/p>\n<p><strong>Alle Rechte vorbehalten<\/strong><strong><br \/>\n<\/strong>Texte, Bilder, Grafiken und Animationen sowie deren Anordnung auf der Kanadevia Inova Schmack Website unterliegen dem Schutz des Urheberrechts.<br \/>\nDer Inhalt dieser Website darf nicht ohne unsere Zustimmung zu kommerziellen Zwecken kopiert, verbreitet, ver\u00e4ndert oder Dritten zug\u00e4nglich gemacht werden.[\/vc_column_text][\/vc_column][vc_column width=&#8220;1\/3&#8243;][vc_column_text]Allgemeine Gesch\u00e4ftsbedigungen:<\/p>\n<p>[\/vc_column_text][vc_empty_space]<a href=\"https:\/\/www.schmack-biogas.com\/wp-content\/uploads\/2022\/06\/AGB-HZI-Schmack_DE.pdf\" target=\"_blank\"  class=\"qodef-btn qodef-btn-huge-full-width qodef-btn-solid\"  >\n        <span class=\"qodef-btn-text\">AGB<\/span>\n    <span class=\"qodef-btn-text-icon\"><\/span>\n<\/a>[vc_empty_space height=&#8220;50px&#8220;][vc_column_text]Allgemeine Datenschutzhinweise f\u00fcr Gesch\u00e4ftspartner:[\/vc_column_text][vc_empty_space]<a href=\"https:\/\/www.schmack-biogas.com\/wp-content\/uploads\/2022\/08\/RUL_1514.0908.006U-2_Allgemeine-Datenschutzhinweise-HZI-SCK_V2.pdf\" target=\"_blank\"  class=\"qodef-btn qodef-btn-huge-full-width qodef-btn-solid\"  >\n        <span class=\"qodef-btn-text\">Allgemeine Datenschutzhinweise<\/span>\n    <span class=\"qodef-btn-text-icon\"><\/span>\n<\/a>[\/vc_column][\/vc_row][vc_row][vc_column][vc_empty_space][\/vc_column][\/vc_row]<\/p>\n<\/div>","protected":false},"excerpt":{"rendered":"<p>[vc_row][vc_column width=&#8220;2\/3&#8243;][vc_column_text]Herausgeber: Kanadevia Inova Schmack GmbH Bayernwerk 8 92421 Schwandorf Telefon: +49 9431 751-0 Telefax: +49 9431 751- 204 E-Mail:\u00a0info.schmack@kanadevia-inova.com Gesch\u00e4ftsf\u00fchrer&#8230;<\/p>\n","protected":false},"author":1,"featured_media":0,"parent":0,"menu_order":60,"comment_status":"closed","ping_status":"closed","template":"","meta":{"_acf_changed":false,"footnotes":"","_links_to":"","_links_to_target":""},"class_list":["post-5927","page","type-page","status-publish","hentry"],"acf":[],"_links":{"self":[{"href":"https:\/\/www.schmack-biogas.com\/de\/wp-json\/wp\/v2\/pages\/5927","targetHints":{"allow":["GET"]}}],"collection":[{"href":"https:\/\/www.schmack-biogas.com\/de\/wp-json\/wp\/v2\/pages"}],"about":[{"href":"https:\/\/www.schmack-biogas.com\/de\/wp-json\/wp\/v2\/types\/page"}],"author":[{"embeddable":true,"href":"https:\/\/www.schmack-biogas.com\/de\/wp-json\/wp\/v2\/users\/1"}],"replies":[{"embeddable":true,"href":"https:\/\/www.schmack-biogas.com\/de\/wp-json\/wp\/v2\/comments?post=5927"}],"version-history":[{"count":15,"href":"https:\/\/www.schmack-biogas.com\/de\/wp-json\/wp\/v2\/pages\/5927\/revisions"}],"predecessor-version":[{"id":10981,"href":"https:\/\/www.schmack-biogas.com\/de\/wp-json\/wp\/v2\/pages\/5927\/revisions\/10981"}],"wp:attachment":[{"href":"https:\/\/www.schmack-biogas.com\/de\/wp-json\/wp\/v2\/media?parent=5927"}],"curies":[{"name":"wp","href":"https:\/\/api.w.org\/{rel}","templated":true}]}}