{"id":6322,"date":"2020-08-25T18:37:09","date_gmt":"2020-08-25T16:37:09","guid":{"rendered":"https:\/\/hz-inova.d-f.cc\/?page_id=6322"},"modified":"2022-03-31T15:36:31","modified_gmt":"2022-03-31T13:36:31","slug":"anlagenbau","status":"publish","type":"page","link":"https:\/\/www.schmack-biogas.com\/de\/anlagenbau\/","title":{"rendered":"Anlagenbau"},"content":{"rendered":"<div class=\"wpb-content-wrapper\"><p>[vc_row content_width=&#8220;grid&#8220;][vc_column][vc_empty_space][vc_column_text]<\/p>\n<h2 style=\"text-align: left;\">Anlagenbau mit biologischer Expertise<\/h2>\n<p>[\/vc_column_text][vc_empty_space][\/vc_column][\/vc_row][vc_row content_width=&#8220;grid&#8220;][vc_column][vc_column_text]Als Spezialist mit \u00fcber 25 Jahren Erfahrung sind wir Ihr\u00a0Partner bei der Projektierung, Planung und Ausf\u00fchrung schl\u00fcsselfertiger Biogasanlagen, Power-to-Gas-Anlagen und Gaseinspeise-Anlagen. Bei uns dreht\u00a0sich vieles um Methan. Denn egal, ob Sie sich f\u00fcr eine nachhaltige Reststoffverwertung oder eine landwirtschaftlich gepr\u00e4gte Biogasanlage\u00a0entscheiden, egal ob Sie flexibel verstromen wollen oder Ihr Biomethan ins\u00a0Erdgasnetz einspeisen wollen, Methan wird auch Ihr Schl\u00fcssel zur nachhaltigen Energieerzeugung sein. Wir liefern das\u00a0fertige Konzept f\u00fcr Ihre Anlage \u2013 sowohl im EEG 2021 als auch au\u00dferhalb des\u00a0EEGs.<\/p>\n<p>Starten Sie mit uns neu durch![\/vc_column_text][\/vc_column][\/vc_row][vc_row content_width=&#8220;grid&#8220; anchor=&#8220;biogas&#8220;][vc_column][vc_empty_space height=&#8220;52px&#8220;][vc_column_text]<\/p>\n<h3>Biogas<\/h3>\n<p>[\/vc_column_text][vc_empty_space height=&#8220;22px&#8220;][vc_column_text]<strong>Sie planen den Bau einer neuen Biogasanlage? Wir bei Kanadevia Inova Schmack haben f\u00fcr Sie das Rundum-Sorglos-Paket!<br \/>\n<\/strong>[\/vc_column_text][vc_empty_space height=&#8220;22px&#8220;][vc_row_inner][vc_column_inner width=&#8220;1\/2&#8243;][vc_column_text]Biogas ist neben Solar und Wind eine der wesentlichen erneuerbaren Energiequellen. Schlie\u00dflich l\u00e4sst sich Biogas aus nachwachsenden, regional verf\u00fcgbaren Abfallstoffen besonders umweltschonend und CO\u2082-neutral herstellen. Die Biomasse wird durch spezielle Mikroorganismen zu rund zwei Drittel Methan abgebaut, das in der Regel als Brennstoff in Blockheizkraftwerken (BHKW) verwendet wird, um Strom und W\u00e4rme zu erzeugen. Als kompetenter Ansprechpartner f\u00fcr den Anlagenbau liefert Kanadevia Inova Schmack schl\u00fcsselfertige Anlagen. Von der Projektentwicklung \u00fcber die Genehmigungsplanung bis hin zur Abnahme der fertigen Anlage \u2013 bei uns ist Ihr Vorhaben in besten H\u00e4nden. Profitieren Sie anschlie\u00dfend von unserem vollumf\u00e4nglichen technischen und biologischen Service und vertrauen sie in unsere 24h-Fern\u00fcberwachung EUVIS.[\/vc_column_text][\/vc_column_inner][vc_column_inner width=&#8220;1\/2&#8243;][vc_single_image image=&#8220;10313&#8243; img_size=&#8220;full&#8220;][\/vc_column_inner][\/vc_row_inner][vc_empty_space height=&#8220;22px&#8220;][vc_row_inner][vc_column_inner width=&#8220;1\/2&#8243;][vc_column_text]<strong>Unsere Leistungen im Detail:<\/strong><\/p>\n<ul>\n<li>Expertenwissen f\u00fcr Fragen rund ums EEG<\/li>\n<li>Exakte wirtschaftliche Betrachtung der Anlage<\/li>\n<li>Passendes Konzept zum individuellen Betrieb<\/li>\n<li>Biologische Kompetenz auch f\u00fcr komplexe Substratmischungen<\/li>\n<li>Technischer und biologischer Service<\/li>\n<\/ul>\n<p>[\/vc_column_text][\/vc_column_inner][vc_column_inner width=&#8220;1\/2&#8243;][vc_single_image image=&#8220;10314&#8243; img_size=&#8220;full&#8220;][\/vc_column_inner][\/vc_row_inner][vc_empty_space height=&#8220;22px&#8220;]<div class=\"qodef-separator-holder clearfix  qodef-separator-center qodef-separator-full-width\">\n\t<div class=\"qodef-separator\" style=\"border-color: #0e7f80;border-style: solid\"><\/div>\n<\/div>\n[\/vc_column][\/vc_row][vc_row content_width=&#8220;grid&#8220; anchor=&#8220;power-to-gas&#8220;][vc_column][vc_empty_space height=&#8220;52px&#8220;][vc_column_text]<\/p>\n<h3>Power-to-gas<\/h3>\n<p>[\/vc_column_text][vc_empty_space height=&#8220;22px&#8220;][vc_column_text]<strong>\u00dcberschussstrom im Gasnetz speichern \u2013 mit Kanadevia Inova Schmack als kompetentem Anlagenbauer und Technologiepartner in die Energiewende starten.<br \/>\n<\/strong>[\/vc_column_text][vc_empty_space height=&#8220;22px&#8220;][vc_row_inner][vc_column_inner width=&#8220;1\/2&#8243;][vc_column_text]Power-to-Gas ist die Umwandlung von Strom zu Wasserstoff oder zu Methan, eine ideale Technologie zur Kopplung der Sektoren Strom, W\u00e4rme und Mobilit\u00e4t. Wird der in diesem Prozess entstehende Wasserstoff zusammen mit Kohlenstoffdioxid (CO\u2082) weiter zu Methan (CH4) umgesetzt, spricht man von Power-to-Methan. M\u00f6gliche CO\u2082-Quellen sind Biogas- und Kl\u00e4ranlagen oder Synthesegase aus industriellen Prozessen. Wasserstoff wird in einem Elektrolyseur produziert oder ebenfalls aus industriellen Prozessen abgezogen.<\/p>\n<p>Speichertechnologien entscheiden \u00fcber das Gelingen der Energiewende. Daf\u00fcr haben wir das Schl\u00fcsselverfahren BiON\u00ae zur biologischen Methanisierung entwickelt und erfolgreich in den industriellen Ma\u00dfstab \u00fcberf\u00fchrt. Der zentrale Schritt des BiON\u00ae-Verfahrens ist die sogenannte biologische Methanisierung. Im Methaniseur wandeln Mikroorganismen Wasserstoff und CO\u2082 zu reinem Methan um. Das so gewonnene synthetische Methan l\u00e4sst sich in einem Gasspeicher bevorraten und bedarfsgerecht nutzen oder wird direkt zur Speicherung und Verteilung in das Erdgasnetz eingespeist. Kanadevia Inova Schmack realisiert aktuell eine biologische Methanisierungsanlage mit 2,5 MW Elektrolyseleistung.[\/vc_column_text][\/vc_column_inner][vc_column_inner width=&#8220;1\/2&#8243;][vc_single_image image=&#8220;10318&#8243; img_size=&#8220;full&#8220;][\/vc_column_inner][\/vc_row_inner][vc_empty_space height=&#8220;22px&#8220;][vc_row_inner][vc_column_inner width=&#8220;1\/2&#8243;][vc_column_text]<strong>Ihr erster Schritt zur Power-to-Gas-Anlage\u00a0<\/strong><\/p>\n<p>Jedes Power-to-Gas-Projekt beginnt mit der Beurteilung des angedachten Standortes. Mit unserem kostenlosen Online-Check erhalten Sie innerhalb kurzer Zeit eine erste Einsch\u00e4tzung zum Umfang Ihres Power-to-Gas-Potentials. Das Ergebnis zeigt die initiale Dimensionierung einer Power-to-Gas-Anlage und gibt Ihnen zugleich einen Einblick in die Wirtschaftlichkeit des Vorhabens.<\/p>\n<p>Machen Sie <a href=\"https:\/\/www.schmack-biogas.com\/anlagenbau\/online-check\/\" target=\"_blank\" rel=\"noopener\">hier<\/a> den Online-Check!<\/p>\n<p>Wenn Sie sich detaillierter mit einem passenden Power-to-Gas-Anlagenkonzept und der technischen und wirtschaftlichen Umsetzbarkeit besch\u00e4ftigen wollen, unterst\u00fctzen wir Sie als verl\u00e4sslicher und erfahrener Partner. Sie erhalten eine professionell erarbeitete Machbarkeitsstudie als fundierte Grundlage f\u00fcr weitere Investitionsentscheidung.[\/vc_column_text][\/vc_column_inner][vc_column_inner width=&#8220;1\/2&#8243;][vc_column_text]<strong>F\u00fcr mehr Informationen zum Thema Power-to-Gas folgen Sie bitte folgendem Link:<\/strong>[\/vc_column_text][vc_empty_space height=&#8220;22px&#8220;]<a href=\"https:\/\/www.schmack-biogas.com\/de\/anlagenbau\/power-to-gas\/\" target=\"_blank\"  class=\"qodef-btn qodef-btn-large qodef-btn-solid\"  >\n        <span class=\"qodef-btn-text\">Power-to-Gas-L\u00f6sungen<\/span>\n    <span class=\"qodef-btn-text-icon\"><\/span>\n<\/a>[\/vc_column_inner][\/vc_row_inner][vc_empty_space height=&#8220;22px&#8220;]<div class=\"qodef-separator-holder clearfix  qodef-separator-center qodef-separator-full-width\">\n\t<div class=\"qodef-separator\" style=\"border-color: #0e7f80;border-style: solid\"><\/div>\n<\/div>\n[\/vc_column][\/vc_row][vc_row content_width=&#8220;grid&#8220; anchor=&#8220;gaseinspeisung&#8220;][vc_column][vc_empty_space height=&#8220;52px&#8220;][vc_column_text]<\/p>\n<h3>Gaseinspeisung<\/h3>\n<p>[\/vc_column_text][vc_empty_space height=&#8220;22px&#8220;][vc_column_text]<strong>Erneuerbar produziertes Biomethan ist umweltfreundlich, effizient und l\u00e4sst sich ideal in W\u00e4rmekonzepte integrieren.<br \/>\n<\/strong>[\/vc_column_text][vc_empty_space height=&#8220;22px&#8220;][vc_row_inner][vc_column_inner width=&#8220;1\/2&#8243;][vc_column_text]Biomethan aus einer Biogasanlage ist eine attraktive Alternative zu fossilem Brennstoff. Die Aufbereitung von Biogas zu Erdgasqualit\u00e4t ist eine Voraussetzung f\u00fcr die energetisch und wirtschaftlich optimale Nutzung. Sie erm\u00f6glicht den Transport in den bestehenden fl\u00e4chendeckenden Erdgasnetzen, in hochkomprimierter Form sowie nach K\u00fchlung in verfl\u00fcssigter Form. Nutzen Sie zur gewinnbringenden Einspeisung unsere langj\u00e4hrige Kompetenz f\u00fcr Gaseinspeiseanlagen ab 150 Nm\u00b3 Biomethan. Wir entwickeln mit Ihnen Konzepte zur Vermarktung Ihres Biomethans, \u00fcbernehmen die Projektierung und das Genehmigungsprozedere f\u00fcr Ihre Einspeisungsanlage. Auch entwerfen wir Konzepte zur B\u00fcndelung von Biogasanlagen an verschiedenen Standorten. Auf diese Weise k\u00f6nnen mehrere Biogasanlagen zur Erzeugung von Biomethan verbunden werden und gemeinsam das produzierte Gas ins Erdgasnetz einspeisen.[\/vc_column_text][\/vc_column_inner][vc_column_inner width=&#8220;1\/2&#8243;][vc_single_image image=&#8220;10319&#8243; img_size=&#8220;full&#8220;][\/vc_column_inner][\/vc_row_inner][vc_empty_space height=&#8220;22px&#8220;][vc_row_inner][vc_column_inner width=&#8220;1\/2&#8243;][vc_column_text]<strong>Profitieren Sie von diesen Vorteilen:<\/strong><\/p>\n<ul>\n<li>Alles aus einer Hand<\/li>\n<li>Perspektiven f\u00fcr den Anlagenbetrieb au\u00dferhalb des EEGs<\/li>\n<li>Unterst\u00fctzung bei der Projektierung und der Genehmigung<\/li>\n<\/ul>\n<p>[\/vc_column_text][\/vc_column_inner][vc_column_inner width=&#8220;1\/2&#8243;][vc_single_image image=&#8220;10320&#8243; img_size=&#8220;full&#8220;][\/vc_column_inner][\/vc_row_inner][vc_empty_space height=&#8220;22px&#8220;]<div class=\"qodef-separator-holder clearfix  qodef-separator-center qodef-separator-full-width\">\n\t<div class=\"qodef-separator\" style=\"border-color: #0e7f80;border-style: solid\"><\/div>\n<\/div>\n[\/vc_column][\/vc_row][vc_row content_width=&#8220;grid&#8220; anchor=&#8220;referenzen&#8220;][vc_column][vc_empty_space height=&#8220;52px&#8220;][vc_column_text]<\/p>\n<h3>Referenzen<\/h3>\n<p>[\/vc_column_text][vc_empty_space height=&#8220;22px&#8220;][vc_column_text]<strong>Power-to-Gas-Anlage Allendorf<br \/>\n<\/strong>[\/vc_column_text][vc_empty_space height=&#8220;22px&#8220;][vc_row_inner][vc_column_inner width=&#8220;1\/2&#8243;][vc_column_text]2015 wurde die weltweit erste Power-to-Gas-Anlage, die mit biologischer Methanisierung arbeitet, erfolgreich in Betrieb genommen. Mit einer elektrischen Anschlussleistung von 300 kW produziert die Anlage bis zu 15 Nm\u00b3 Methan pro Stunde. Die Anlage in Allendorf ist nach zwei Standards zertifiziert: Der T\u00dcV S\u00fcd zertifizierte das dort erzeugte Erdgas erfolgreich als nachhaltigen Kraftstoff. Au\u00dferdem erfolgte die Zertifizierung nach Vorgaben des Zertifizierungsstandards REDcert-EU. Diese Zertifizierung erfolgte im Zusammenhang mit der am Standort vorhandenen Biogasanlage \u2013 die Power-to-Gas-Anlage dient dort als Aufbereitungstechnologie. Die Technologie der biologischen Methanisierung wurde unter anderem mit der Dieselmedaille, dem Preis der deutschen Gaswirtschaft und von der Deutschen Energie-Agentur (dena) ausgezeichnet.[\/vc_column_text][\/vc_column_inner][vc_column_inner width=&#8220;1\/2&#8243;][vc_single_image image=&#8220;10321&#8243; img_size=&#8220;full&#8220;][\/vc_column_inner][\/vc_row_inner][vc_empty_space height=&#8220;22px&#8220;]<div class=\"qodef-separator-holder clearfix  qodef-separator-center qodef-separator-full-width\">\n\t<div class=\"qodef-separator\" style=\"border-color: #0e7f80;border-style: solid\"><\/div>\n<\/div>\n[\/vc_column][\/vc_row][vc_row content_width=&#8220;grid&#8220; anchor=&#8220;preise&#8220;][vc_column][vc_empty_space height=&#8220;52px&#8220;][vc_column_text]<\/p>\n<h3>Preise &amp; Auszeichnungen<\/h3>\n<p>[\/vc_column_text][vc_empty_space height=&#8220;22px&#8220;][vc_row_inner][vc_column_inner width=&#8220;2\/3&#8243;][vc_column_text]<\/p>\n<p class=\"vi_headline_2\"><strong>Solar Impulse Efficient Solution Label 2021<\/strong><\/p>\n<p class=\"vi_copy\">BiON: Biologische Methanisierung \u2013 Der Prozess wandelt H\u2082 und CO\u2082 in 100% erneuerbares Methan.<\/p>\n<p><a class=\"vi_teaser_link vi_icon_link__external\" href=\"https:\/\/solarimpulse.com\/efficient-solutions\/bion-biological-methanation\" target=\"_blank\" rel=\"nofollow noopener\">solarimpulse.com<\/a>[\/vc_column_text][\/vc_column_inner][vc_column_inner width=&#8220;1\/3&#8243;][vc_single_image image=&#8220;10322&#8243; img_size=&#8220;full&#8220;][\/vc_column_inner][\/vc_row_inner][vc_empty_space height=&#8220;22px&#8220;][vc_row_inner][vc_column_inner width=&#8220;2\/3&#8243;][vc_column_text]<\/p>\n<p class=\"vi_headline_2\"><strong>Dieselmedaille 2017 in der Kategorie \u201eNachhaltigste Innovationsleistung\u201c<\/strong><\/p>\n<p class=\"vi_copy\">Preistr\u00e4ger: Dr. Doris Schmack und Ulrich Schmack<br \/>\nPower to Gas, ein Energiespeicherverfahren auf Methangasbasis<\/p>\n<p class=\"vi_headline_2\"><a class=\"vi_teaser_link vi_icon_link__external\" href=\"https:\/\/dieselmedaille.de\/vier-herausragende-innovatoren-mit-der-dieselmedaille-ausgezeichnet\/\" target=\"_blank\" rel=\"nofollow noopener\">dieselmedaille.de<\/a><\/p>\n<p>[\/vc_column_text][\/vc_column_inner][vc_column_inner width=&#8220;1\/3&#8243;][vc_single_image image=&#8220;10323&#8243; img_size=&#8220;full&#8220;][\/vc_column_inner][\/vc_row_inner][vc_empty_space height=&#8220;22px&#8220;][vc_row_inner][vc_column_inner width=&#8220;2\/3&#8243;][vc_column_text]<\/p>\n<p class=\"vi_headline_2\"><strong>Sonderpreis der Deutschen Gaswirt\u00adschaft f\u00fcr Innovation und Klimaschutz<\/strong><\/p>\n<p class=\"vi_copy\">Biologische Methanisierungsanlage in Allendorf (Eder) in Hessen<\/p>\n<p class=\"vi_headline_2\"><a class=\"vi_teaser_link vi_icon_link__external\" href=\"https:\/\/www.gwf-gas.de\/aktuell\/maerkte-und-unternehmen\/22-11-2016-microbenergy-erhaelt-sonderpreis-der-deutschen-gaswirtschaft\/\" target=\"_blank\" rel=\"nofollow noopener\">gwf-gas.de<\/a><\/p>\n<p>[\/vc_column_text][\/vc_column_inner][vc_column_inner width=&#8220;1\/3&#8243;][vc_single_image image=&#8220;10324&#8243; img_size=&#8220;full&#8220;][\/vc_column_inner][\/vc_row_inner][vc_empty_space height=&#8220;22px&#8220;][vc_row_inner][vc_column_inner width=&#8220;2\/3&#8243;][vc_column_text]<\/p>\n<p class=\"vi_headline_2\"><strong>2015 Biogaspartnerschaft des Jahres der DENA<\/strong><\/p>\n<p class=\"vi_copy\">Biologische Methanisierungsanlage in Allendorf (Eder) in Hessen<\/p>\n<p class=\"vi_headline_2\"><a class=\"vi_teaser_link vi_icon_link__external\" href=\"https:\/\/www.biogaspartner.de\/projekt\/biogaspartner-wettbewerb\/\" target=\"_blank\" rel=\"nofollow noopener\">biogaspartner.de<\/a><\/p>\n<p>[\/vc_column_text][\/vc_column_inner][vc_column_inner width=&#8220;1\/3&#8243;][vc_single_image image=&#8220;10325&#8243; img_size=&#8220;full&#8220;][\/vc_column_inner][\/vc_row_inner][vc_empty_space height=&#8220;22px&#8220;]<div class=\"qodef-separator-holder clearfix  qodef-separator-center qodef-separator-full-width\">\n\t<div class=\"qodef-separator\" style=\"border-color: #0e7f80;border-style: solid\"><\/div>\n<\/div>\n[\/vc_column][\/vc_row][vc_row content_width=&#8220;grid&#8220; anchor=&#8220;end&#8220;][vc_column][vc_empty_space height=&#8220;100px&#8220;][\/vc_column][\/vc_row]<\/p>\n<\/div>","protected":false},"excerpt":{"rendered":"<p>[vc_row content_width=&#8220;grid&#8220;][vc_column][vc_empty_space][vc_column_text] Anlagenbau mit biologischer Expertise [\/vc_column_text][vc_empty_space][\/vc_column][\/vc_row][vc_row content_width=&#8220;grid&#8220;][vc_column][vc_column_text]Als Spezialist mit \u00fcber 25 Jahren Erfahrung sind wir Ihr\u00a0Partner bei der Projektierung, Planung&#8230;<\/p>\n","protected":false},"author":1,"featured_media":0,"parent":0,"menu_order":2,"comment_status":"closed","ping_status":"closed","template":"full-width.php","meta":{"_acf_changed":false,"footnotes":"","_links_to":"","_links_to_target":""},"class_list":["post-6322","page","type-page","status-publish","hentry"],"acf":[],"_links":{"self":[{"href":"https:\/\/www.schmack-biogas.com\/de\/wp-json\/wp\/v2\/pages\/6322","targetHints":{"allow":["GET"]}}],"collection":[{"href":"https:\/\/www.schmack-biogas.com\/de\/wp-json\/wp\/v2\/pages"}],"about":[{"href":"https:\/\/www.schmack-biogas.com\/de\/wp-json\/wp\/v2\/types\/page"}],"author":[{"embeddable":true,"href":"https:\/\/www.schmack-biogas.com\/de\/wp-json\/wp\/v2\/users\/1"}],"replies":[{"embeddable":true,"href":"https:\/\/www.schmack-biogas.com\/de\/wp-json\/wp\/v2\/comments?post=6322"}],"version-history":[{"count":22,"href":"https:\/\/www.schmack-biogas.com\/de\/wp-json\/wp\/v2\/pages\/6322\/revisions"}],"predecessor-version":[{"id":10787,"href":"https:\/\/www.schmack-biogas.com\/de\/wp-json\/wp\/v2\/pages\/6322\/revisions\/10787"}],"wp:attachment":[{"href":"https:\/\/www.schmack-biogas.com\/de\/wp-json\/wp\/v2\/media?parent=6322"}],"curies":[{"name":"wp","href":"https:\/\/api.w.org\/{rel}","templated":true}]}}