{"id":6841,"date":"2020-11-16T17:25:47","date_gmt":"2020-11-16T16:25:47","guid":{"rendered":"https:\/\/hz-inova.d-f.cc\/?page_id=6841"},"modified":"2024-11-13T15:46:32","modified_gmt":"2024-11-13T14:46:32","slug":"privacy-policy","status":"publish","type":"page","link":"https:\/\/www.schmack-biogas.com\/de\/privacy-policy\/","title":{"rendered":"Datenschutz"},"content":{"rendered":"<div class=\"wpb-content-wrapper\"><p>[vc_row][vc_column][vc_column_text css=&#8220;&#8220;]<\/p>\n<h2>Allgemeine Datenschutzhinweise<\/h2>\n<p>&nbsp;<\/p>\n<p><strong>1\u00a0\u00a0\u00a0\u00a0\u00a0\u00a0\u00a0 Einleitung<\/strong><\/p>\n<p style=\"font-weight: 400;\">Wir, die Kanadevia Inova Schmack GmbH (im folgenden auch \u201eKVI Schmack\u201c oder \u201ewir\u201c), als Teil der Kanadevia Inova AG (Hardturmstrasse 127, 8005 Z\u00fcrich, Schweiz) nehmen den Schutz Ihrer pers\u00f6nlichen Daten sehr ernst und das gilt selbstverst\u00e4ndlich auch in Bezug auf die Daten unserer Gesch\u00e4ftspartner, Lieferanten, Kunden, Beh\u00f6rden und weiterer nat\u00fcrlicher Personen. Wir informieren Sie hiermit, wie wir Ihre Daten verarbeiten und welche Anspr\u00fcche und Rechte Ihnen nach den datenschutzrechtlichen Regelungen zustehen.<\/p>\n<p style=\"font-weight: 400;\">Wir halten uns strikt an die Regeln der aktuell geltenden Datenschutzgesetze. Dazu z\u00e4hlt vor allem die Datenschutz Grundverordnung (im Folgenden: \u201cDS-GVO\u201d), Verordnung (EU) 2016\/679 des europ\u00e4ischen Parlaments und des Rates. Die KVI Group sind die mit der Kanadevia Inova AG verbundenen Unternehmen.<\/p>\n<p style=\"font-weight: 400;\">Personenbezogene Daten sind alle Informationen, die KVI Schmack Ihnen zuordnen kann. Hierzu z\u00e4hlen auch diejenigen Informationen, die Ihnen nur indirekt, etwa mittels Zuordnung zu einer Kennung, wie einem Namen, zu einer Kennnummer, zu Standortdaten oder zu einer Online-Kennung zugeordnet werden k\u00f6nnen. Als identifizierbar wird auch eine Person angesehen, die anhand von einem oder mehreren besonderen Merkmalen identifiziert werden kann, die Ausdruck der physischen, physiologischen, genetischen, psychischen, wirtschaftlichen, kulturellen oder sozialen Identit\u00e4t dieser nat\u00fcrlichen Person sind.<\/p>\n<p>&nbsp;<\/p>\n<p><strong>2\u00a0\u00a0\u00a0\u00a0\u00a0\u00a0\u00a0 Kontaktdaten des Verantwortlichen<\/strong><\/p>\n<p style=\"font-weight: 400;\">Diese Datenschutzhinweise gelten f\u00fcr KVI Schmack. Datenschutzrechtlich verantwortlich ist grunds\u00e4tzlich diejenige Gesellschaft mit der Sie bzw. Ihr Unternehmen einen Vertrag geschlossen haben, bzw. mit der Sie bez\u00fcglich des jeweiligen Gesch\u00e4ftsvorfalls in Kontakt stehen.<\/p>\n<p style=\"font-weight: 400;\">Im Folgenden finden Sie die Kontaktdaten der f\u00fcr KVI Schmack Verantwortlichen:<\/p>\n<p style=\"font-weight: 400;\">Kanadevia Inova Schmack GmbH<br \/>\nBayernwerk 8<br \/>\n92421 Schwandorf<br \/>\nTelefon: 09431 751 \u2013 0<br \/>\nE-Mail: <a href=\"mailto:info.schmack@kanadevia-inova.com\">info.schmack@kanadevia-inova.com<\/a><\/p>\n<p>&nbsp;<\/p>\n<p><strong>3\u00a0\u00a0\u00a0\u00a0\u00a0\u00a0\u00a0 Kontaktdaten des Datenschutzbeauftragten<\/strong><\/p>\n<p style=\"font-weight: 400;\">F\u00fcr die Kanadevia Inova Schmack GmbH:<\/p>\n<p style=\"font-weight: 400;\">dhpg GmbH<br \/>\nDr. Christian Lenz<br \/>\nBunsenstra\u00dfe 10a<br \/>\n51647 Gummersbach<br \/>\nTelefon: 02261 8195 \u2013 0<br \/>\nFax: 02261 8195 199<br \/>\nE-Mail: <a href=\"mailto:christian.lenz@dhpg.de\">christian.lenz@dhpg.de<\/a><\/p>\n<p>&nbsp;<\/p>\n<p><strong>4\u00a0\u00a0\u00a0\u00a0\u00a0\u00a0\u00a0 Ihre Rechte<\/strong><\/p>\n<p style=\"font-weight: 400;\">Sie haben das Recht, \u00fcber die personenbezogenen Daten, die \u00fcber Sie gespeichert wurden, auf Antrag unentgeltlich Auskunft zu erhalten. Zus\u00e4tzlich haben Sie das Recht, auf Berichtigung unrichtiger Daten, die Einschr\u00e4nkung der Verarbeitung von zu umfangreich verarbeiteten Daten und die L\u00f6schung von unrechtm\u00e4\u00dfig verarbeiteten bzw. zu lange gespeicherten personenbezogenen Daten (soweit dem keine gesetzliche Aufbewahrungspflicht und keine sonstigen Gr\u00fcnde nach Art. 17 Abs. 3 DSGVO entgegenstehen). Dar\u00fcber hinaus haben Sie das Recht auf \u00dcbertragung s\u00e4mtlicher, von Ihnen an uns \u00fcbergebener Daten in einem g\u00e4ngigen Dateiformat (Recht auf Datenportabilit\u00e4t), soweit Sie die Daten im Rahmen einer Einwilligungserkl\u00e4rung oder zur Erf\u00fcllung eines Vertrages (z.B. des Betriebsf\u00fchrungsvertrags) an uns \u00fcbergeben haben.<\/p>\n<p style=\"font-weight: 400;\">Soweit Sie gegen einzelne Verfahren auch ein Recht auf Widerspruch gegen die Verarbeitung haben, wird dies im Rahmen der Beschreibung der einzelnen Verfahren behandelt.<\/p>\n<p style=\"font-weight: 400;\">Zur Aus\u00fcbung Ihrer Rechte gen\u00fcgt eine E-Mail an: <a href=\"mailto:info@kanadevia-inova.com\">info@kanadevia-inova.com<\/a>.<\/p>\n<p style=\"font-weight: 400;\">Dar\u00fcber hinaus haben Sie das Recht sich bei einer Aufsichtsbeh\u00f6rde zu beschweren.<\/p>\n<p>&nbsp;<\/p>\n<p><strong>5\u00a0\u00a0\u00a0\u00a0\u00a0\u00a0\u00a0 Verarbeitete Daten, von Gesch\u00e4ftspartnern, Lieferanten, Kunden, Beh\u00f6rden und weiteren nat\u00fcrlichen Personen, sowie Zwecke der Datenverarbeitung<\/strong><\/p>\n<p style=\"font-weight: 400;\">Von Gesch\u00e4ftspartnern, Lieferanten, Kunden, Beh\u00f6rden, Subunternehmern und weiteren nat\u00fcrlichen Personen werden, je nach konkretem Gesch\u00e4ftsvorfall, unterschiedliche personenbezogene Daten verarbeitet, u.a. folgende:<\/p>\n<ul>\n<li>Kontaktdaten (Name, Adresse, E-Mail-Adresse, Telefonnummer, Faxnummer)<\/li>\n<li>Operative Finanzdaten (Zahlungsinformationen, Umsatzsteueridentifikationsnummer, Kontonummer, Zahlungs-\/Lieferbedingungen, Kreditoren-\/Debitorennummer, Steuermerkmale)<\/li>\n<li>Anlagendaten (Betriebsdaten, Standort, Fehlermeldungen, Angaben zur betroffenen Biogasanlage)<\/li>\n<li>Pers\u00f6nliche Angaben (Geburtsdatum, Geschlecht, Alter, Funktion, Visitenkarten, Unternehmenszugeh\u00f6rigkeit, Zeugnisse\/Qualifikation, jeweilige Schulungen)<\/li>\n<li>Angaben zum Auftrag (Land, Produktname und Artikelnummer des betroffenen Produktes der KVI Schmack bzw. KVI Group, Interessensbeschreibung, Termine, Vertr\u00e4ge, Angebotsdaten, Kommunikationsdaten, Schriftverkehr, Analyseergebnisse, Konformit\u00e4tsaussagen, Meinung Interpretation, Empfehlungen, Auswertung Labordaten)<\/li>\n<li>Bilder, Bilderfolge (Video)<\/li>\n<li>Nutzerdaten<\/li>\n<li>Unfallangaben<\/li>\n<li>IP-Adresse<\/li>\n<\/ul>\n<p style=\"font-weight: 400;\">Zudem k\u00f6nnen Ihre Daten auch auf einzelnen Vertr\u00e4gen und letztlich der gesamten Gesch\u00e4ftsbeziehung zwischen dem Unternehmen bzw. der Beh\u00f6rde, f\u00fcr die Sie arbeiten, und KVI Schmack bezogen werden.<\/p>\n<p style=\"font-weight: 400;\">S\u00e4mtliche genannten Daten werden zu folgenden Zwecken verarbeitet:<\/p>\n<ul>\n<li>Erfassung und Verwaltung von Interessenten-, Kunden-, Lieferant- und Beh\u00f6rdendaten f\u00fcr Vertriebszwecke und zur Auftragsabwicklung,<\/li>\n<li>zur Bearbeitung von Anfragen, Angeboten, Auftr\u00e4gen f\u00fcr Sie bzw. von Ihnen und zur Erf\u00fcllung von Vertr\u00e4gen mit Ihnen bzw. dem Unternehmen f\u00fcr das Sie arbeiten,<\/li>\n<li>zur langfristigen Pflege der Gesch\u00e4ftsbeziehung zu dem Unternehmen, f\u00fcr das Sie arbeiten,<\/li>\n<li>zu Vertriebs- und Marketingzwecken,<\/li>\n<li>Anlagenfern\u00fcberwachung,<\/li>\n<li>Organisation und Durchf\u00fchrung von Schulungen und<\/li>\n<li>Reaktion auf Beschwerden und andere Anfragen.<\/li>\n<\/ul>\n<p style=\"font-weight: 400;\">In Einzelf\u00e4llen werden f\u00fcr den Zweck der langfristigen Pflege der Gesch\u00e4ftsbeziehung auch noch weitere pers\u00f6nliche Daten, wie etwa Ihr Geburtsdatum (f\u00fcr die Versendung von Geburtstagsgr\u00fc\u00dfen) oder interne Vermerke \u00fcber die Zusendung von Weihnachtskarten und \u00e4hnlichen Marketingmitteln und Giveaways, verarbeitet.<\/p>\n<p>&nbsp;<\/p>\n<p><strong>6\u00a0\u00a0\u00a0\u00a0\u00a0\u00a0\u00a0 Herkunft der Daten<\/strong><\/p>\n<p style=\"font-weight: 400;\">Die Daten entnehmen wir der gesch\u00e4ftlichen Korrespondenz mit Ihnen, Ihrer Beh\u00f6rde bzw. Ihrem Unternehmen oder \u00fcbergebenen Visitenkarten. Weiterhin werden Daten verarbeitet die \u00fcber Anmeldungen\/Aktivit\u00e4ten mit Hilfe von Unternehmen der KVI Group zur Verf\u00fcgung gestellten oder betriebenen Web-Portalen, Apps oder anderen Technologien erhoben werden, diese Erhebung kann auch durch Unternehmen au\u00dferhalb der KVI Group erfolgen. Des Weiteren werden Daten verarbeitet, die wir von Gesch\u00e4ftspartnern, Lieferanten, Kunden, Beh\u00f6rden und Anderen im Zuge der Auftragsanbahnung, und Auftragsabwicklung erhalten.<\/p>\n<p>&nbsp;<\/p>\n<p><strong>7\u00a0\u00a0\u00a0\u00a0\u00a0\u00a0\u00a0 Rechtsgrundlagen<\/strong><\/p>\n<p style=\"font-weight: 400;\">Die Verarbeitung Ihrer oben genannten personenbezogenen Daten erfolgt regelm\u00e4\u00dfig auf Grundlage von Art. 6 Abs. 1 lit. b DSGVO. Danach k\u00f6nnen personenbezogene Daten verarbeitet werden, wenn dies zur Erf\u00fcllung eines Vertrages erforderlich ist.<\/p>\n<p style=\"font-weight: 400;\">Zudem erfolgt die Verarbeitung f\u00fcr das legitime Interesse: Erfassung und Verwaltung von Interessenten, Kunden, Lieferanten-, Subunternehmer- und Beh\u00f6rdendaten f\u00fcr Vertriebs- und Einkaufszwecke und zur Auftragsabwicklung, zur langfristigen Pflege der Gesch\u00e4ftsbeziehung zu dem Unternehmen f\u00fcr das Sie arbeiten, zu Vertriebs- und Marketingzwecken, Anlagenfern\u00fcberwachung, Organisation und Durchf\u00fchrung von Schulungen und Reaktion auf Beschwerden und andere Anfragen, auf Basis von Art. 6 Abs. 1 lit. f DSGVO. Diese Rechtsgrundlage gestattet die Verarbeitung von personenbezogenen Daten im Rahmen des \u201eberechtigten Interesses\u201c des Verantwortlichen, soweit nicht Ihre Grundrechte, Grundfreiheiten oder Interessen an der Unterlassung der Datenverarbeitung \u00fcberwiegen. Sie k\u00f6nnen dieser Datenverarbeitung jederzeit, mit Wirkung auf die Zukunft, widersprechen, wenn Gr\u00fcnde vorliegen, die in Ihrer besonderen Situation bestehen und die gegen die Datenverarbeitung sprechen. Hierzu gen\u00fcgt eine E-Mail an <a href=\"mailto:widerruf@kanadevia-inova.com\">widerruf@kanadevia-inova.com<\/a> oder eine andere Mitteilung an die oben genannten Kontaktdaten.<\/p>\n<p style=\"font-weight: 400;\">Der Datenverarbeitung zu Marketingzwecken k\u00f6nnen Sie jederzeit ohne Angabe von Gr\u00fcnden, mit Wirkung auf die Zukunft, widersprechen. Hierzu gen\u00fcgt eine E-Mail an <a href=\"mailto:widerruf@kanadevia-inova.com\">widerruf@kanadevia-inova.com<\/a> oder eine andere Mitteilung an die oben genannten Kontaktdaten.<\/p>\n<p style=\"font-weight: 400;\">Ein Widerspruch kann allerdings eine einschr\u00e4nkende Wirkung auf die Gesch\u00e4ftsbeziehung haben, wenn der Widerspruch sich insbesondere auf elektronische Kommunikation oder einzelne Medien bzw. Kan\u00e4le bezieht, die KVI Schmack bzw. andere Unternehmen der KVI Group im Rahmen seines berechtigten Interesses an der wirtschaftlichen Ausrichtung seiner Gesch\u00e4ftst\u00e4tigkeiten als f\u00fchrend ansieht und somit vorrangig oder exklusiv nutzt oder bedient.<\/p>\n<p>&nbsp;<\/p>\n<p><strong>8\u00a0\u00a0\u00a0\u00a0\u00a0\u00a0\u00a0 Freiwilligkeit der Angaben von Daten<\/strong><\/p>\n<p style=\"font-weight: 400;\">Die Bereitstellung Ihrer personenbezogenen Daten ist grunds\u00e4tzlich freiwillig. Zum Abschluss und zur Durchf\u00fchrung der Gesch\u00e4ftsbeziehung ist es jedoch zwingend notwendig gewisse Daten \u00fcber Sie zu verarbeiten. Zu diesen Daten geh\u00f6ren unter anderem Ihre gesch\u00e4ftlichen Kontaktdaten, andere Unternehmensdaten sowie Informationen \u00fcber die Vertragsbeziehung.<\/p>\n<p>&nbsp;<\/p>\n<p><strong>9\u00a0\u00a0\u00a0\u00a0\u00a0\u00a0\u00a0 Weitergabe von Daten an Dritte<\/strong><\/p>\n<p style=\"font-weight: 400;\">Ihre Daten werden durch KVI Schmack bzw. andere Unternehmen der KVI Group elektronisch verarbeitet. Die hierzu notwendigen Office-Programme und die spezialisierte Unternehmenssoftware wird teilweise durch die KVI Group gehostet oder betrieben. Zur Durchf\u00fchrung werden auch Auftragsverarbeiter eingesetzt. In diesem Rahmen verarbeitet die KVI Group, bzw. der zust\u00e4ndige Auftragsverarbeiter, Ihre personenbezogenen Daten. Innerhalb der KVI Group ist KVI Schmack gemeinsam mit der jeweils zust\u00e4ndigen Gesellschaft der KVI Group verantwortlich. Es werden gemeinsam die Gesamtabl\u00e4ufe der Verarbeitungen festgelegt. Die Basisvorgaben und Softwaretools werden von der KVI Group zur Verf\u00fcgung gestellt und die Nutzung und teilweise die Detaildefinitionen kommen durch KVI Schmack bzw. die jeweils zust\u00e4ndige Gesellschaft. Im Rahmen der Gesch\u00e4ftsabwicklung kann es vorkommen, dass Ihre Daten auch von anderen Gesellschaften der KVI Group oder von Gesch\u00e4ftspartnern von KVI Schmack bzw. der KVI Group, von Lieferanten, Kunden oder Beh\u00f6rden verarbeitet werden, wenn dies zur Bearbeitung des jeweiligen Vertrages bzw. zur Vertragsanbahnung erforderlich ist. Sollten Sie sich bei KVI Schmack f\u00fcr eine Schulung angemeldet haben, die in Zusammenarbeit mit dem Schulungsverbund Biogas angeboten bzw. bearbeitet wird, werden Ihre Daten zur Pr\u00fcfung und Weiterbearbeitung an den Fachverband Biogas weitergegeben. Dies erfolgt nur im Zusammenhang mit der jeweils geplanten bzw. durchgef\u00fchrten Schulung. Weitere Informationen zur Verarbeitung Ihrer Daten nach DSGVO durch den Fachverband Biogas e.V. und den Schulungsverbund Biogas finden Sie unter: <a href=\"https:\/\/www.schulungsverbund-biogas.de\/\">https:\/\/www.schulungsverbund-biogas.de<\/a> unter Datenschutz bzw. Datenschutzerkl\u00e4rung.<\/p>\n<p style=\"font-weight: 400;\">Die Weitergabe von personenbezogenen Daten an Gesch\u00e4ftspartner, Lieferanten, Kunden, Beh\u00f6rden und andere Gesellschaften aus der KVI Group erfolgt auf Basis der Rechtsgrundlage aus Art. 6 Abs. 1 lit. f DSGVO. Dieser Erlaubnistatbestand gestattet die Verarbeitung von personenbezogenen Daten im Rahmen des \u201eberechtigten Interesses\u201c des Verantwortlichen, soweit nicht Ihre Grundrechte, Grundfreiheiten oder Interessen an der Unterlassung der Datenverarbeitung \u00fcberwiegen (wie zuvor erw\u00e4hnt). Das berechtigte Interesse besteht vorwiegend in der Weitergabe von Daten an Kunden (z.B. Anlagenbetreiber, Anlageneigent\u00fcmer), spezialisierte Dienstleister (z.B. Gutachter, Labore, Montage- u. Wartungsspezialisten), Lieferanten (z.B. Hersteller von Biogaskomponenten), Beh\u00f6rden (z.B. Genehmigungsbeh\u00f6rden), andere Unternehmensteile und in der Weitergabe von Daten im Rahmen einer zentralen Konzernverwaltung. Sie k\u00f6nnen dieser Datenweitergabe jederzeit, mit Wirkung auf die Zukunft, widersprechen, wenn Gr\u00fcnde vorliegen, die in Ihrer besonderen Situation bestehen und die gegen die Datenverarbeitung sprechen. Hierzu gen\u00fcgt eine E-Mail an <a href=\"mailto:widerruf@kanadevia-inova.com\">widerruf@kanadevia-inova.com<\/a> oder eine andere Mitteilung an die oben genannten Kontaktdaten. Ein Widerspruch kann allerdings eine einschr\u00e4nkende Wirkung auf die Gesch\u00e4ftsbeziehung haben.<\/p>\n<p style=\"font-weight: 400;\">Die KVI Group und KVI Schmack arbeiten regelm\u00e4\u00dfig mit Wirtschaftsauskunfteien, wie z.B. dem Verband der Vereine Creditreform e.V. und CRIF B\u00fcrgel GmbH zusammen, um Kreditausk\u00fcnfte von Gesch\u00e4ftspartnern, Lieferanten, Kunden, Subunternehmer und weiteren nat\u00fcrlichen Personen zu erhalten. Zudem arbeitet die KVI Group regelm\u00e4\u00dfig mit Unternehmen, wie z.B. der IHD Gesellschaft f\u00fcr Kredit- und Forderungsmanagement mbH zum Zweck des Forderungsmanagements zusammen. Diese in diesem Rahmen verarbeiteten Daten betreffen allerdings nur die Unternehmen, die Ihr Unternehmen der KVI Group pr\u00fcfen lassen, nicht deren Angestellten oder andere nat\u00fcrliche Personen (au\u00dfer in dem Fall eines Einzelkaufmanns). Insoweit wird auf die Informationen nach Art 14 DSGVO in den F\u00e4llen von Wirtschaftsauskunfteien und Unternehmen zur Umsetzung des Forderungsmanagement verwiesen.<\/p>\n<p style=\"font-weight: 400;\">KVI Schmack bzw. die Unternehmen der KVI Group geben Ihre Daten im \u00dcbrigen im \u00fcblichen Gesch\u00e4ftsgang nicht an Dritte weiter. In Ausnahmef\u00e4llen (z.B. einer Steuerpr\u00fcfung oder einer strafrechtlichen Ermittlung) k\u00f6nnen Dritte, insbesondere Beh\u00f6rden, Zugriff auf die personenbezogenen Daten erhalten.<\/p>\n<p style=\"font-weight: 400;\">Sofern eine Daten\u00fcbermittlung au\u00dferhalb des europ\u00e4ischen Wirtschaftsraums erfolgt, geschieht dies unter Einhaltung der Vorgaben der Europ\u00e4ischen Kommission. Liegt keine positive Angemessenheitsentscheidung der Europ\u00e4ischen Kommission nach Art 45 DSGVO vor, \u00fcbermittelt KVI Schmack Daten in ein Drittland nur vorbehaltlich geeigneter Garantien. An Empf\u00e4nger in Drittl\u00e4ndern, welche \u00fcber kein ausreichendes Datenschutzniveau verf\u00fcgen, werden personenbezogene Daten nur dann \u00fcbermittelt, wenn der Empf\u00e4nger die EU-Standardvertragsklauseln mit KVI Schmack, bzw. der jeweils verantwortlichen KVI Group-Gesellschaft abgeschlossen hat.<\/p>\n<p>&nbsp;<\/p>\n<p><strong>10\u00a0\u00a0\u00a0\u00a0\u00a0 Dauer der Datenspeicherung<\/strong><\/p>\n<p style=\"font-weight: 400;\">KVI Schmack f\u00fchrt ein internes L\u00f6schkonzept, nach dem die L\u00f6schfristen nachgehalten und umgesetzt werden. Viele der im Rahmen einer Gesch\u00e4ftsbeziehung verarbeiteten personenbezogenen Daten sind steuerrelevant und werden daher grunds\u00e4tzlich gem\u00e4\u00df den handels- und steuerrechtlichen Aufbewahrungsfristen aus \u00a7 147 AO und \u00a7 257 HGB zehn Jahre nach Abschluss des Jahres, in dem die Rechnung gestellt bzw. die Buchung vorgenommen wurde, aufbewahrt.<\/p>\n<p style=\"font-weight: 400;\">Berufliche Kontaktdaten werden nur gel\u00f6scht, wenn Sie der dauerhaften Speicherung widersprechen. Regelm\u00e4\u00dfig gehen wir davon aus, dass wir berufliche Kontaktdaten im Rahmen des \u201eberechtigten Interesses\u201c gem\u00e4\u00df Art 6 Abs. 1 lit f. DSGVO ohne L\u00f6schfrist speichern d\u00fcrfen, da diese Daten nicht sensibel sind und Sie ein Interesse daran haben, weiter im gesch\u00e4ftlichen Kontakt mit uns zu bleiben.<\/p>\n<p style=\"font-weight: 400;\">Unsere Produkte gen\u00fcgen den h\u00f6chsten Sicherheitsstandards. Um uns kontinuierlich zu verbessern und in Einzelf\u00e4llen optimal reagieren zu k\u00f6nnen, wenn wir etwa Kenntnis von einem Unfall durch den Einsatz vergleichbarer Technologien erhalten haben oder sich aus dem Betrieb, basierend auf neuen Erkenntnissen aus Forschung und Entwicklung, erh\u00f6hte Risiken ableiten lassen m\u00fcssen wir entsprechende Datenbest\u00e4nde vorhalten. Falls Produkte von KVI Schmack bzw. der KVI Group hiervon auch betroffen sein sollten, werden ggf. die vorhandenen Daten der betreffenden Anlagen selektiert. Die relevanten Unternehmen der KVI Group treten dann bei Bedarf mit dem Kunden, Lieferanten und weiteren Betroffenen in Kontakt. Der Zeitraum ergibt sich aus der Einsatzdauer der von uns gelieferten Anlagen. Die in diesem Zusammenhang l\u00e4nger gespeicherten Daten umfassen sowohl Daten aus unserer Gesch\u00e4ftsbeziehung (z.B. Daten zu Ihrem Unternehmen, Kontaktdaten), die von Ihnen uns zur Verf\u00fcgung gestellten Daten weiterer nat\u00fcrlicher Personen (z.B. Mitarbeiter die Service erbracht haben, oder an unseren Schulungen teilgenommen haben.) und Informationen zur Erf\u00fcllung von Lieferung und Leistung gem. Art 6 Abs. 1 lit b (z.B. Auftr\u00e4ge, Lieferscheine, Rechnungen, Ersatzteillieferungen, Serviceberichte), diese enthalten auch Daten aus Ihren weiteren Beziehungen zu nat\u00fcrlichen und juristischen Personen die Produkte von KVI Schmack bzw. anderen Unternehmen der KVI Group einsetzen und\/oder Dienstleistungen die diesen von anderen Unternehmen der KVI Group erbracht wurden (Kundendaten wie Anlagenstandort, Lieferanschrift). Diese Daten werden streng zweckgebunden verarbeitet.<\/p>\n<p>&nbsp;<\/p>\n<p><strong>11\u00a0\u00a0\u00a0\u00a0\u00a0 Verpflichtung auf das Datengeheimnis<\/strong><\/p>\n<p style=\"font-weight: 400;\">Die Mitarbeiter von KVI Schmack und alle relevanten Partner und Labore sind auf das Datengeheimnis verpflichtet bzw. unterliegen einer Vereinbarung zur Auftragsverarbeitung.<\/p>\n<p>&nbsp;<\/p>\n<p><strong>12\u00a0\u00a0\u00a0\u00a0\u00a0 Datenschutzerkl\u00e4rung<\/strong><\/p>\n<p style=\"font-weight: 400;\">Weitere Ausf\u00fchrungen und Ansprechpartner zum Datenschutz finden Sie auf der Webseite der Kanadevia Inova Schmack GmbH: \u201e<a href=\"https:\/\/www.schmack-biogas.com\/\">https:\/\/www.schmack-biogas.com<\/a>\u201c und der KVI Group \u201e<a href=\"https:\/\/www.kanadevia-inova\/\">https:\/\/www.kanadevia-inova<\/a>.com\u201c unter Datenschutz bzw. Datenschutzerkl\u00e4rung.<\/p>\n<p>[\/vc_column_text][\/vc_column][\/vc_row][vc_row][vc_column][vc_empty_space height=&#8220;100px&#8220;][\/vc_column][\/vc_row]<\/p>\n<\/div>","protected":false},"excerpt":{"rendered":"<p>[vc_row][vc_column][vc_column_text css=&#8220;&#8220;] Allgemeine Datenschutzhinweise &nbsp; 1\u00a0\u00a0\u00a0\u00a0\u00a0\u00a0\u00a0 Einleitung Wir, die Kanadevia Inova Schmack GmbH (im folgenden auch \u201eKVI Schmack\u201c oder \u201ewir\u201c), als&#8230;<\/p>\n","protected":false},"author":1,"featured_media":0,"parent":0,"menu_order":50,"comment_status":"closed","ping_status":"closed","template":"","meta":{"_acf_changed":false,"footnotes":"","_links_to":"","_links_to_target":""},"class_list":["post-6841","page","type-page","status-publish","hentry"],"acf":[],"_links":{"self":[{"href":"https:\/\/www.schmack-biogas.com\/de\/wp-json\/wp\/v2\/pages\/6841","targetHints":{"allow":["GET"]}}],"collection":[{"href":"https:\/\/www.schmack-biogas.com\/de\/wp-json\/wp\/v2\/pages"}],"about":[{"href":"https:\/\/www.schmack-biogas.com\/de\/wp-json\/wp\/v2\/types\/page"}],"author":[{"embeddable":true,"href":"https:\/\/www.schmack-biogas.com\/de\/wp-json\/wp\/v2\/users\/1"}],"replies":[{"embeddable":true,"href":"https:\/\/www.schmack-biogas.com\/de\/wp-json\/wp\/v2\/comments?post=6841"}],"version-history":[{"count":5,"href":"https:\/\/www.schmack-biogas.com\/de\/wp-json\/wp\/v2\/pages\/6841\/revisions"}],"predecessor-version":[{"id":10985,"href":"https:\/\/www.schmack-biogas.com\/de\/wp-json\/wp\/v2\/pages\/6841\/revisions\/10985"}],"wp:attachment":[{"href":"https:\/\/www.schmack-biogas.com\/de\/wp-json\/wp\/v2\/media?parent=6841"}],"curies":[{"name":"wp","href":"https:\/\/api.w.org\/{rel}","templated":true}]}}