{"id":8498,"date":"2020-11-24T11:45:15","date_gmt":"2020-11-24T10:45:15","guid":{"rendered":"https:\/\/hz-inova.d-f.cc\/?page_id=8498"},"modified":"2021-09-28T10:16:40","modified_gmt":"2021-09-28T08:16:40","slug":"hitachi-zosen-corporation","status":"publish","type":"page","link":"https:\/\/www.schmack-biogas.com\/de\/about-us\/hitachi-zosen-corporation\/","title":{"rendered":"Hitachi Zosen Corporation"},"content":{"rendered":"<div class=\"wpb-content-wrapper\"><p>[vc_row][vc_column offset=&#8220;vc_hidden-xs&#8220;][vc_empty_space height=&#8220;50px&#8220;][\/vc_column][\/vc_row][vc_row content_width=&#8220;grid&#8220;][vc_column width=&#8220;3\/4&#8243;][vc_empty_space][vc_column_text]<\/p>\n<h2>Hitachi Zosen Corporation<\/h2>\n<p>[\/vc_column_text][vc_empty_space][vc_column_text]<\/p>\n<h3>Technologie und Aufrichtigkeit f\u00fcr eine erfolgreiche Zukunft<\/h3>\n<p>[\/vc_column_text][vc_empty_space height=&#8220;12px&#8220;][vc_column_text]Seit 2010 sind wir Teil der Hitachi Zosen Corporation (HITZ). Gegr\u00fcndet 1881 in Osaka, Japan, hat sich HITZ im Laufe der Jahre zu einem der gr\u00f6ssten japanischen Industrie- und Maschinenbauunternehmen entwickelt. Heute besch\u00e4ftigt HITZ \u00fcber 10&#8217;000 Mitarbeiter, die sich gemeinschaftlich der Bew\u00e4ltigung globaler Umweltprobleme verschrieben haben.<\/p>\n<p>HITZ\u2019 Ziel ist es, zuverl\u00e4ssige L\u00f6sungen anzubieten, die zur Schaffung einer recyclingorientierten Gesellschaft beitragen. Dies tun sie, indem sie in den beiden Kernbereichen Wasser und Energie globale und soziale Herausforderungen angehen.<\/p>\n<p>Besuchen Sie <a href=\"https:\/\/www.hitachizosen.co.jp\/english\/\" target=\"_blank\" rel=\"noopener noreferrer\">Hitachi Zosen Corporations Webseite<\/a> f\u00fcr mehr Informationen.[\/vc_column_text][vc_empty_space][\/vc_column][vc_column width=&#8220;1\/4&#8243;][vc_empty_space][vc_single_image image=&#8220;8499&#8243; img_size=&#8220;full&#8220; onclick=&#8220;custom_link&#8220; img_link_target=&#8220;_blank&#8220; link=&#8220;https:\/\/www.hitachizosen.co.jp&#8220;][vc_empty_space][\/vc_column][\/vc_row][vc_row][vc_column][vc_empty_space height=&#8220;50px&#8220;][\/vc_column][\/vc_row]<\/p>\n<\/div>","protected":false},"excerpt":{"rendered":"<p>[vc_row][vc_column offset=&#8220;vc_hidden-xs&#8220;][vc_empty_space height=&#8220;50px&#8220;][\/vc_column][\/vc_row][vc_row content_width=&#8220;grid&#8220;][vc_column width=&#8220;3\/4&#8243;][vc_empty_space][vc_column_text] Hitachi Zosen Corporation [\/vc_column_text][vc_empty_space][vc_column_text] Technologie und Aufrichtigkeit f\u00fcr eine erfolgreiche Zukunft [\/vc_column_text][vc_empty_space height=&#8220;12px&#8220;][vc_column_text]Seit 2010 sind wir&#8230;<\/p>\n","protected":false},"author":1,"featured_media":0,"parent":6025,"menu_order":0,"comment_status":"closed","ping_status":"closed","template":"full-width.php","meta":{"_acf_changed":false,"footnotes":"","_links_to":"","_links_to_target":""},"class_list":["post-8498","page","type-page","status-publish","hentry"],"acf":[],"_links":{"self":[{"href":"https:\/\/www.schmack-biogas.com\/de\/wp-json\/wp\/v2\/pages\/8498","targetHints":{"allow":["GET"]}}],"collection":[{"href":"https:\/\/www.schmack-biogas.com\/de\/wp-json\/wp\/v2\/pages"}],"about":[{"href":"https:\/\/www.schmack-biogas.com\/de\/wp-json\/wp\/v2\/types\/page"}],"author":[{"embeddable":true,"href":"https:\/\/www.schmack-biogas.com\/de\/wp-json\/wp\/v2\/users\/1"}],"replies":[{"embeddable":true,"href":"https:\/\/www.schmack-biogas.com\/de\/wp-json\/wp\/v2\/comments?post=8498"}],"version-history":[{"count":3,"href":"https:\/\/www.schmack-biogas.com\/de\/wp-json\/wp\/v2\/pages\/8498\/revisions"}],"predecessor-version":[{"id":10344,"href":"https:\/\/www.schmack-biogas.com\/de\/wp-json\/wp\/v2\/pages\/8498\/revisions\/10344"}],"up":[{"embeddable":true,"href":"https:\/\/www.schmack-biogas.com\/de\/wp-json\/wp\/v2\/pages\/6025"}],"wp:attachment":[{"href":"https:\/\/www.schmack-biogas.com\/de\/wp-json\/wp\/v2\/media?parent=8498"}],"curies":[{"name":"wp","href":"https:\/\/api.w.org\/{rel}","templated":true}]}}